{"id":4703,"date":"2024-09-29T11:56:48","date_gmt":"2024-09-29T09:56:48","guid":{"rendered":"https:\/\/excelhelefante.segucom.net\/aviso-legal\/"},"modified":"2024-09-30T13:56:39","modified_gmt":"2024-09-30T11:56:39","slug":"rechtlicher-hinweis","status":"publish","type":"page","link":"https:\/\/club.excelhotelsandresorts.es\/de\/rechtlicher-hinweis\/","title":{"rendered":"Rechtlicher hinweis"},"content":{"rendered":"\t\t<div data-elementor-type=\"wp-page\" data-elementor-id=\"4703\" class=\"elementor elementor-4703 elementor-4670\">\n\t\t\t\t<div class=\"elementor-element elementor-element-3aa9c378 e-flex e-con-boxed e-con e-parent\" data-id=\"3aa9c378\" data-element_type=\"container\">\n\t\t\t\t\t<div class=\"e-con-inner\">\n\t\t\t\t<div class=\"elementor-element elementor-element-5cd124d elementor-widget elementor-widget-heading\" data-id=\"5cd124d\" data-element_type=\"widget\" data-widget_type=\"heading.default\">\n\t\t\t\t<div class=\"elementor-widget-container\">\n\t\t\t<style>\/*! elementor - v3.22.0 - 26-06-2024 *\/\n.elementor-heading-title{padding:0;margin:0;line-height:1}.elementor-widget-heading .elementor-heading-title[class*=elementor-size-]>a{color:inherit;font-size:inherit;line-height:inherit}.elementor-widget-heading .elementor-heading-title.elementor-size-small{font-size:15px}.elementor-widget-heading .elementor-heading-title.elementor-size-medium{font-size:19px}.elementor-widget-heading .elementor-heading-title.elementor-size-large{font-size:29px}.elementor-widget-heading .elementor-heading-title.elementor-size-xl{font-size:39px}.elementor-widget-heading .elementor-heading-title.elementor-size-xxl{font-size:59px}<\/style><h1 class=\"elementor-heading-title elementor-size-default\">Rechtlicher hinweis<\/h1>\t\t<\/div>\n\t\t\t\t<\/div>\n\t\t\t\t<div class=\"elementor-element elementor-element-7286dd0 elementor-widget elementor-widget-text-editor\" data-id=\"7286dd0\" data-element_type=\"widget\" data-widget_type=\"text-editor.default\">\n\t\t\t\t<div class=\"elementor-widget-container\">\n\t\t\t<style>\/*! elementor - v3.22.0 - 26-06-2024 *\/\n.elementor-widget-text-editor.elementor-drop-cap-view-stacked .elementor-drop-cap{background-color:#69727d;color:#fff}.elementor-widget-text-editor.elementor-drop-cap-view-framed .elementor-drop-cap{color:#69727d;border:3px solid;background-color:transparent}.elementor-widget-text-editor:not(.elementor-drop-cap-view-default) .elementor-drop-cap{margin-top:8px}.elementor-widget-text-editor:not(.elementor-drop-cap-view-default) .elementor-drop-cap-letter{width:1em;height:1em}.elementor-widget-text-editor .elementor-drop-cap{float:left;text-align:center;line-height:1;font-size:50px}.elementor-widget-text-editor .elementor-drop-cap-letter{display:inline-block}<\/style>\t\t\t\t<p><span style=\"text-align: var(--text-align); color: var( --e-global-color-64aecc3 ); font-family: var( --e-global-typography-primary-font-family ), Sans-serif; font-size: var( --e-global-typography-primary-font-size );\"><b>1.&nbsp;<\/b><\/span><span style=\"text-align: var(--text-align);\"><b>Identifizierung des Betreibers<\/b><\/span><\/p>\n<p>Im Einklang mit dem Gesetz 34\/2002 vom 11. Juli \u00fcber die Dienste der Informationsgesellschaft und den elektronischen Gesch\u00e4ftsverkehr wird der Benutzer dar\u00fcber informiert, dass der Betreiber der Website&nbsp; www.club.excelhotelsandresorts.es das Unternehmen EXCEL HOTELS &amp; RESORTS, S.A, dessen Identifikationsdaten wie folgt lauten:<\/p>\n<p>Identit\u00e4t: EXCEL HOTELS &amp; RESORTS, S.A \u2013 im Folgenden Excel Hotels &amp; Resorts.<br>Steueridentifikationsnummer (NIF): A38083101<br>Sitz: Calle Santa Rosa 5 (apartamentos Royal Palm, urbanizaci\u00f3n Oasis del Sur), Arona, 38650, Teneriffa.<br>E-Mail-Adresse: legal@excelhotelsandresorts.es<br>Registerdaten: Die Gesellschaft ist im Handelsregister von Santa Cruz de Tenerife in Band 1301, Folio 155, Blatt Nr. SCT-6514, eingetragen.<\/p>\n<p><\/p>\n<p><b><br><\/b><\/p>\n<p><b>2.&nbsp;<\/b><span style=\"text-align: var(--text-align);\"><b>Zugriff auf die Website<\/b><\/span><\/p>\n<p>Der rechtliche Hinweis regelt den Zugriff auf die Webseite und ihre Nutzung durch die Benutzer und soll die Leistungen des Unternehmens bekannt machen und den allgemeinen Zugang f\u00fcr alle Internetnutzer erm\u00f6glichen.<\/p>\n<p>Wer auf die Website zugreift und\/oder sie nutzt, erh\u00e4lt die Eigenschaft eines Benutzers und akzeptiert vorbehaltlos jede einzelne der vorliegenden allgemeinen Bedingungen sowie alle anderen spezifischen Bedingungen, die gegebenenfalls die Nutzung des Portals oder der damit verbundenen Dienste regeln.<\/p>\n<p><span style=\"text-align: var(--text-align);\">Der Benutzer muss den rechtlichen Hinweis sowie die Datenschutz- und Cookie-Richtlinien sorgf\u00e4ltig lesen, wenn er die Website nutzen m\u00f6chte. Excel Hotels &amp; Resorts beh\u00e4lt sich das Recht vor, jederzeit und ohne Vorank\u00fcndigung \u00c4nderungen oder Aktualisierungen der Inhalte und Leistungen, der vorliegenden Zugangs- und Nutzungsbedingungen und im Allgemeinen aller Elemente vorzunehmen, die das Design und die Konfiguration der Website ausmachen. Wenn Sie die Zugangs- und Nutzungsbedingungen nicht akzeptieren, bitten wir Sie, von der Nutzung der Website und ihrer Inhalte abzusehen<\/span><span style=\"text-align: var(--text-align); color: var( --e-global-color-64aecc3 ); font-family: var( --e-global-typography-primary-font-family ), Sans-serif; font-size: var( --e-global-typography-primary-font-size ); font-weight: var( --e-global-typography-primary-font-weight );\">.<\/span><br><\/p>\n<p><\/p>\n<p><b><br><\/b><\/p>\n<p><b>3.&nbsp;<\/b><span style=\"text-align: var(--text-align);\"><b>Nutzung der Website<\/b><\/span><\/p>\n<p>Der Benutzer verpflichtet sich, die Webseite sowie die Informationen \u00fcber die Leistungen und Aktivit\u00e4ten in voller Achtung der geltenden Vorschriften, der allgemein anerkannten guten Sitten und Gebr\u00e4uche, der \u00f6ffentlichen Ordnung, der Zugangs- und Nutzungsbedingungen und aller anderen f\u00fcr die Webseite festgelegten Bedingungen umsichtig zu nutzen.&nbsp;<\/p>\n<p><span style=\"text-align: var(--text-align);\">Dar\u00fcber hinaus verpflichtet sich der Benutzer, die Inhalte nicht f\u00fcr Zwecke oder Ziele zu verwenden, die illegal sind, in diesem Text verboten sind, die Rechte und Interessen Dritter verletzen oder die in irgendeiner Weise die normale Nutzung der Inhalte, andere Benutzer oder sonstige Internetnutzer (Hardware und Software) sch\u00e4digen, unbrauchbar machen, \u00fcberlasten, beeintr\u00e4chtigen oder behindern k\u00f6nnen<\/span><span style=\"text-align: var(--text-align); color: var( --e-global-color-64aecc3 ); font-family: var( --e-global-typography-primary-font-family ), Sans-serif; font-size: var( --e-global-typography-primary-font-size ); font-weight: var( --e-global-typography-primary-font-weight );\">.<\/span><br><\/p>\n<p><\/p>\n<p><b><br><\/b><\/p>\n<p><b>4.&nbsp;<\/b><span style=\"text-align: var(--text-align);\"><b>Funktionsweise der Website<\/b><\/span><\/p>\n<p>Im Falle der Nichteinhaltung der Bedingungen des rechtlichen Hinweises oder der Datenschutz- und Cookie-Richtlinien beh\u00e4lt sich Excel Hotels &amp; Resorts das Recht vor, den Zugang zu seiner Website einzuschr\u00e4nken, auszusetzen und\/oder auszuschlie\u00dfen und alle daf\u00fcr erforderlichen technischen Ma\u00dfnahmen zu ergreifen. Excel Hotels &amp; Resorts wird sein M\u00f6glichstes tun, eine reibungslose Funktion der Website zu gew\u00e4hrleisten, Fehler zu vermeiden oder zu beheben und die Inhalte auf dem neuesten Stand zu halten. Excel Hotels &amp; Resorts \u00fcbernimmt jedoch keine Garantie f\u00fcr die Verf\u00fcgbarkeit und Kontinuit\u00e4t bzgl. des Zugriffs auf die Website oder daf\u00fcr, dass die Inhalte keine Fehler aufweisen.<\/p>\n<p><\/p>\n<p><b><br><\/b><\/p>\n<p><b>5.&nbsp;<\/b><span style=\"text-align: var(--text-align);\"><b>Verantwortung<\/b><\/span><\/p>\n<p>Der Benutzer tr\u00e4gt die alleinige Verantwortung f\u00fcr die Nutzung jeglicher Informationen oder Mechanismen der Website.&nbsp;<\/p>\n<p><span style=\"text-align: var(--text-align); color: var( --e-global-color-64aecc3 ); font-family: var( --e-global-typography-primary-font-family ), Sans-serif; font-size: var( --e-global-typography-primary-font-size ); font-weight: var( --e-global-typography-primary-font-weight );\">Excel Hotels &amp; Resorts haftet nicht f\u00fcr Sch\u00e4den an der Hardware und\/oder Software des Benutzers, die durch den Zugriff auf und die Nutzung der Website entstehen. Excel Hotels &amp; Resorts \u00fcbernimmt auch keine Haftung f\u00fcr Sch\u00e4den, die durch den Zugriff auf und\/oder die Nutzung der Informationen auf der Website entstehen k\u00f6nnen, insbesondere nicht f\u00fcr Sch\u00e4den, die in Informatiksystemen entstehen oder durch Viren und\/oder Cyberattacken, Abst\u00fcrze, Unterbrechungen und das Fehlen oder Defekte der Kommunikation und\/oder des Internets verursacht werden.&nbsp;<\/span><\/p>\n<p><span style=\"text-align: var(--text-align);\">Der Benutzer haftet f\u00fcr alle Sch\u00e4den, die Excel Hotels &amp; Resorts entstehen k\u00f6nnen, wenn er die Verpflichtungen nicht einh\u00e4lt, denen er aufgrund dieses rechtlichen Hinweises, der geltenden Bestimmungen, der Datenschutz-Richtline und der Cookie-Richtlinie unterliegt<\/span><span style=\"text-align: var(--text-align); color: var( --e-global-color-64aecc3 ); font-family: var( --e-global-typography-primary-font-family ), Sans-serif; font-size: var( --e-global-typography-primary-font-size ); font-weight: var( --e-global-typography-primary-font-weight );\">.<\/span><br><\/p>\n<p><\/p>\n<p><b><br><\/b><\/p>\n<p><b>6.&nbsp;<\/b><span style=\"text-align: var(--text-align);\"><b>Richtlinie in Sachen \u201eLinks\u201c (verlinkende und verlinkte Websites)<\/b><\/span><\/p>\n<p><b>6.1&nbsp;<\/b><span style=\"text-align: var(--text-align);\"><b>Verlinkende Websites<\/b><\/span><\/p>\n<p>Dritte, die beabsichtigen, auf einer Webseite einen Link zu dieser Website einzubauen, m\u00fcssen die geltenden Rechtsvorschriften einhalten und d\u00fcrfen keine unangemessenen, illegalen, pornografischen, gewaltt\u00e4tigen etc. Inhalte aufnehmen.<\/p>\n<p>Excel Hotels &amp; Resorts haftet unter keinen Umst\u00e4nden f\u00fcr den Inhalt der Website, noch f\u00f6rdert, garantiert, \u00fcberwacht oder empfiehlt Excel Hotels &amp; Resorts den Inhalt der Website.&nbsp;<\/p>\n<p><span style=\"text-align: var(--text-align); color: var( --e-global-color-64aecc3 ); font-family: var( --e-global-typography-primary-font-family ), Sans-serif; font-size: var( --e-global-typography-primary-font-size ); font-weight: var( --e-global-typography-primary-font-weight );\">Verst\u00f6\u00dft die verlinkende Website gegen eine der vorgenannten Bestimmungen, ist sie verpflichtet, den Link unverz\u00fcglich zu entfernen<\/span><span style=\"text-align: var(--text-align); color: var( --e-global-color-64aecc3 ); font-family: var( --e-global-typography-primary-font-family ), Sans-serif; font-size: var( --e-global-typography-primary-font-size ); font-weight: var( --e-global-typography-primary-font-weight );\">.<\/span><br><\/p>\n<p><b>6.2&nbsp;<\/b><span style=\"text-align: var(--text-align);\"><b>Verlinkte Websites<\/b><\/span><\/p>\n<p>Diese Website kann Links zu Websites Dritter enthalten, die dem Nutzer den Zugriff erm\u00f6glichen. Excel Hotels &amp; Resorts haftet jedoch nicht f\u00fcr den Inhalt dieser verlinkten Websites. Es liegt in der Verantwortung des Benutzers, die Zugriffsm\u00f6glichkeiten zu akzeptieren und zu \u00fcberpr\u00fcfen, wenn er sie aufruft.<\/p>\n<p><span style=\"text-align: var(--text-align); color: var( --e-global-color-64aecc3 ); font-family: var( --e-global-typography-primary-font-family ), Sans-serif; font-size: var( --e-global-typography-primary-font-size ); font-weight: var( --e-global-typography-primary-font-weight );\">Solche Links oder Verweise bedeuten keine Unterst\u00fctzung, Zustimmung, Kommerzialisierung oder irgendeine Beziehung zwischen der Website und den Personen oder Organisationen, die die entsprechenden Websites betreiben, auf denen sie zu finden sind<\/span><span style=\"text-align: var(--text-align); color: var( --e-global-color-64aecc3 ); font-family: var( --e-global-typography-primary-font-family ), Sans-serif; font-size: var( --e-global-typography-primary-font-size ); font-weight: var( --e-global-typography-primary-font-weight );\">.<\/span><br><\/p>\n<p><\/p>\n<p><b><br><\/b><\/p>\n<p><b>7.&nbsp;<\/b><span style=\"text-align: var(--text-align);\"><b>Geistiges und gewerbliches Eigentum an den Inhalten<\/b><\/span><\/p>\n<p>Alle geistigen Eigentumsrechte an den Inhalten der Website und ihrer grafischen Gestaltung liegen ausschlie\u00dflich bei Excel Hotels &amp; Resorts oder bei Dritten, die deren Nutzung genehmigt haben, so dass Excel Hotels &amp; Resorts die alleinige Aus\u00fcbung der Nutzungsrechte zusteht. Aus diesem Grund und entsprechend den Bestimmungen der geltenden Rechtsvorschriften \u00fcber Rechte an geistigem und gewerblichem Eigentum.<\/p>\n<p>Excel Hotels &amp; Resorts erteilt keinerlei Lizenzen oder Nutzungsgenehmigungen bez\u00fcglich seiner Rechte an geistigem und gewerblichem Eigentum oder sonstigem Eigentum oder Rechte im Zusammenhang mit der Website und den Leistungen oder Inhalten derselben.<\/p>\n<p>Die Wiedergabe und vor\u00fcbergehende Speicherung der Inhalte der Website ist in dem Umfang gestattet, der f\u00fcr die Nutzung und Anzeige der Website auf einem pers\u00f6nlichen Ger\u00e4t unbedingt erforderlich ist.<\/p>\n<p><span style=\"text-align: var(--text-align); color: var( --e-global-color-64aecc3 ); font-family: var( --e-global-typography-primary-font-family ), Sans-serif; font-size: var( --e-global-typography-primary-font-size ); font-weight: var( --e-global-typography-primary-font-weight );\">F\u00fcr die Rechtm\u00e4\u00dfigkeit der Rechte an geistigem oder gewerblichem Eigentum im Zusammenhang mit den von den Benutzern zur Verf\u00fcgung gestellten Inhalten sind ausschlie\u00dflich diese selbst verantwortlich. Der Benutzer stellt Excel Hotels &amp; Resorts dementsprechend von jeglichen Anspr\u00fcchen Dritter schadlos, die sich aus der unrechtm\u00e4\u00dfigen Nutzung von Inhalten auf der Website ergeben<\/span><span style=\"text-align: var(--text-align); color: var( --e-global-color-64aecc3 ); font-family: var( --e-global-typography-primary-font-family ), Sans-serif; font-size: var( --e-global-typography-primary-font-size ); font-weight: var( --e-global-typography-primary-font-weight );\">.<\/span><br><\/p>\n<p><\/p>\n<p><b><br><\/b><\/p>\n<p><b>8.&nbsp;<\/b><span style=\"text-align: var(--text-align);\"><b>Werbung<\/b><\/span><\/p>\n<p>Auf der Website k\u00f6nnen Werbung oder gesponserte Inhalte gezeigt werden. Die Werbetreibenden oder Sponsoren sind die alleinigen Verantwortlichen daf\u00fcr, dass das zur Aufnahme in die Website eingereichte Material den jeweils geltenden Gesetzen entspricht.<\/p>\n<p><span style=\"text-align: var(--text-align);\">Excel Hotels &amp; Resorts haftet nicht f\u00fcr Fehler, Ungenauigkeiten oder Unregelm\u00e4\u00dfigkeiten, die in den Werbeinhalten oder denen der Sponsoren enthalten sein k\u00f6nnen<\/span><span style=\"text-align: var(--text-align); color: var( --e-global-color-64aecc3 ); font-family: var( --e-global-typography-primary-font-family ), Sans-serif; font-size: var( --e-global-typography-primary-font-size ); font-weight: var( --e-global-typography-primary-font-weight );\">.<\/span><br><\/p>\n<p><\/p>\n<p><b><br><\/b><\/p>\n<p><b>9<\/b><b style=\"text-align: var(--text-align); color: var( --e-global-color-64aecc3 ); font-family: var( --e-global-typography-primary-font-family ), Sans-serif; font-size: var( --e-global-typography-primary-font-size );\">.&nbsp;<\/b><span style=\"text-align: var(--text-align);\"><b>Anwendbares Recht<\/b><\/span><\/p>\n<p>Der rechtliche Hinweis unterliegt spanischem Recht und ist nach diesem auszulegen.<\/p>\n<p><span style=\"text-align: var(--text-align);\">F\u00fcr die Beilegung von etwaigen Konflikten, die sich aus dem Zugriff auf die Website ergeben, unterwerfen Sie sich den zust\u00e4ndigen Gerichten in \u00dcbereinstimmung mit den Rechtsvorschriften in Bezug auf Verbraucher und Benutzer<\/span><span style=\"text-align: var(--text-align); color: var( --e-global-color-64aecc3 ); font-family: var( --e-global-typography-primary-font-family ), Sans-serif; font-size: var( --e-global-typography-primary-font-size ); font-weight: var( --e-global-typography-primary-font-weight );\">.<\/span><br><\/p>\n<p><\/p>\n<p><b><br><\/b><\/p>\n<p><b>10.&nbsp;<\/b><span style=\"text-align: var(--text-align);\"><b>Kontakt<\/b><\/span><\/p>\n<p>Wenn Sie Fragen oder Anmerkungen zu diesem rechtlichen Hinweis haben, k\u00f6nnen Sie uns \u00fcber die E-Mail-Adresse gdpr@onahotels.com kontaktieren<\/p>\t\t\t\t\t\t<\/div>\n\t\t\t\t<\/div>\n\t\t\t\t\t<\/div>\n\t\t\t\t<\/div>\n\t\t\t\t<\/div>\n\t\t","protected":false},"excerpt":{"rendered":"Rechtlicher hinweis 1.&nbsp;Identifizierung des Betreibers Im Einklang mit dem Gesetz 34\/2002 vom 11. Juli \u00fcber die Dienste der Informationsgesellschaft und den elektronischen Gesch\u00e4ftsverkehr wird der Benutzer dar\u00fcber informiert, dass der Betreiber der Website&nbsp; www.club.excelhotelsandresorts.es das Unternehmen EXCEL HOTELS &amp; RESORTS, S.A, dessen Identifikationsdaten wie folgt lauten: Identit\u00e4t: EXCEL HOTELS &amp; RESORTS, S.A \u2013 im Folgenden [&hellip;]","protected":false},"author":1,"featured_media":0,"parent":0,"menu_order":0,"comment_status":"closed","ping_status":"closed","template":"elementor_header_footer","meta":{"_genesis_hide_title":false,"_genesis_hide_breadcrumbs":false,"_genesis_hide_singular_image":false,"_genesis_hide_footer_widgets":false,"_genesis_custom_body_class":"","_genesis_custom_post_class":"","_genesis_layout":"","footnotes":""},"class_list":{"0":"post-4703","1":"page","2":"type-page","3":"status-publish","5":"entry"},"yoast_head":"<!-- This site is optimized with the Yoast SEO plugin v23.0 - https:\/\/yoast.com\/wordpress\/plugins\/seo\/ -->\n<title>Rechtlicher hinweis - Excel Hotels &amp; Resorts<\/title>\n<meta name=\"robots\" content=\"noindex, follow, max-snippet:-1, max-image-preview:large, max-video-preview:-1\" \/>\n<meta property=\"og:locale\" content=\"de_DE\" \/>\n<meta property=\"og:type\" content=\"article\" \/>\n<meta property=\"og:title\" content=\"Rechtlicher hinweis - Excel Hotels &amp; Resorts\" \/>\n<meta property=\"og:description\" content=\"Rechtlicher hinweis 1.&nbsp;Identifizierung des Betreibers Im Einklang mit dem Gesetz 34\/2002 vom 11. Juli \u00fcber die Dienste der Informationsgesellschaft und den elektronischen Gesch\u00e4ftsverkehr wird der Benutzer dar\u00fcber informiert, dass der Betreiber der Website&nbsp; www.club.excelhotelsandresorts.es das Unternehmen EXCEL HOTELS &amp; RESORTS, S.A, dessen Identifikationsdaten wie folgt lauten: Identit\u00e4t: EXCEL HOTELS &amp; RESORTS, S.A \u2013 im Folgenden [&hellip;]\" \/>\n<meta property=\"og:url\" content=\"https:\/\/club.excelhotelsandresorts.es\/de\/rechtlicher-hinweis\/\" \/>\n<meta property=\"og:site_name\" content=\"Excel Hotels &amp; Resorts\" \/>\n<meta property=\"article:modified_time\" content=\"2024-09-30T11:56:39+00:00\" \/>\n<meta name=\"twitter:card\" content=\"summary_large_image\" \/>\n<meta name=\"twitter:label1\" content=\"Gesch\u00e4tzte Lesezeit\" \/>\n\t<meta name=\"twitter:data1\" content=\"6\u00a0Minuten\" \/>\n<script type=\"application\/ld+json\" class=\"yoast-schema-graph\">{\"@context\":\"https:\/\/schema.org\",\"@graph\":[{\"@type\":\"WebPage\",\"@id\":\"https:\/\/club.excelhotelsandresorts.es\/de\/rechtlicher-hinweis\/\",\"url\":\"https:\/\/club.excelhotelsandresorts.es\/de\/rechtlicher-hinweis\/\",\"name\":\"Rechtlicher hinweis - Excel Hotels &amp; Resorts\",\"isPartOf\":{\"@id\":\"https:\/\/club.excelhotelsandresorts.es\/#website\"},\"datePublished\":\"2024-09-29T09:56:48+00:00\",\"dateModified\":\"2024-09-30T11:56:39+00:00\",\"breadcrumb\":{\"@id\":\"https:\/\/club.excelhotelsandresorts.es\/de\/rechtlicher-hinweis\/#breadcrumb\"},\"inLanguage\":\"de\",\"potentialAction\":[{\"@type\":\"ReadAction\",\"target\":[\"https:\/\/club.excelhotelsandresorts.es\/de\/rechtlicher-hinweis\/\"]}]},{\"@type\":\"BreadcrumbList\",\"@id\":\"https:\/\/club.excelhotelsandresorts.es\/de\/rechtlicher-hinweis\/#breadcrumb\",\"itemListElement\":[{\"@type\":\"ListItem\",\"position\":1,\"name\":\"Home\",\"item\":\"https:\/\/club.excelhotelsandresorts.es\/de\/\"},{\"@type\":\"ListItem\",\"position\":2,\"name\":\"Rechtlicher hinweis\"}]},{\"@type\":\"WebSite\",\"@id\":\"https:\/\/club.excelhotelsandresorts.es\/#website\",\"url\":\"https:\/\/club.excelhotelsandresorts.es\/\",\"name\":\"Excel Hotels &amp; Resorts\",\"description\":\"\",\"potentialAction\":[{\"@type\":\"SearchAction\",\"target\":{\"@type\":\"EntryPoint\",\"urlTemplate\":\"https:\/\/club.excelhotelsandresorts.es\/?s={search_term_string}\"},\"query-input\":\"required name=search_term_string\"}],\"inLanguage\":\"de\"}]}<\/script>\n<!-- \/ Yoast SEO plugin. -->","yoast_head_json":{"title":"Rechtlicher hinweis - Excel Hotels &amp; Resorts","robots":{"index":"noindex","follow":"follow","max-snippet":"max-snippet:-1","max-image-preview":"max-image-preview:large","max-video-preview":"max-video-preview:-1"},"og_locale":"de_DE","og_type":"article","og_title":"Rechtlicher hinweis - Excel Hotels &amp; Resorts","og_description":"Rechtlicher hinweis 1.&nbsp;Identifizierung des Betreibers Im Einklang mit dem Gesetz 34\/2002 vom 11. Juli \u00fcber die Dienste der Informationsgesellschaft und den elektronischen Gesch\u00e4ftsverkehr wird der Benutzer dar\u00fcber informiert, dass der Betreiber der Website&nbsp; www.club.excelhotelsandresorts.es das Unternehmen EXCEL HOTELS &amp; RESORTS, S.A, dessen Identifikationsdaten wie folgt lauten: Identit\u00e4t: EXCEL HOTELS &amp; RESORTS, S.A \u2013 im Folgenden [&hellip;]","og_url":"https:\/\/club.excelhotelsandresorts.es\/de\/rechtlicher-hinweis\/","og_site_name":"Excel Hotels &amp; Resorts","article_modified_time":"2024-09-30T11:56:39+00:00","twitter_card":"summary_large_image","twitter_misc":{"Gesch\u00e4tzte Lesezeit":"6\u00a0Minuten"},"schema":{"@context":"https:\/\/schema.org","@graph":[{"@type":"WebPage","@id":"https:\/\/club.excelhotelsandresorts.es\/de\/rechtlicher-hinweis\/","url":"https:\/\/club.excelhotelsandresorts.es\/de\/rechtlicher-hinweis\/","name":"Rechtlicher hinweis - Excel Hotels &amp; Resorts","isPartOf":{"@id":"https:\/\/club.excelhotelsandresorts.es\/#website"},"datePublished":"2024-09-29T09:56:48+00:00","dateModified":"2024-09-30T11:56:39+00:00","breadcrumb":{"@id":"https:\/\/club.excelhotelsandresorts.es\/de\/rechtlicher-hinweis\/#breadcrumb"},"inLanguage":"de","potentialAction":[{"@type":"ReadAction","target":["https:\/\/club.excelhotelsandresorts.es\/de\/rechtlicher-hinweis\/"]}]},{"@type":"BreadcrumbList","@id":"https:\/\/club.excelhotelsandresorts.es\/de\/rechtlicher-hinweis\/#breadcrumb","itemListElement":[{"@type":"ListItem","position":1,"name":"Home","item":"https:\/\/club.excelhotelsandresorts.es\/de\/"},{"@type":"ListItem","position":2,"name":"Rechtlicher hinweis"}]},{"@type":"WebSite","@id":"https:\/\/club.excelhotelsandresorts.es\/#website","url":"https:\/\/club.excelhotelsandresorts.es\/","name":"Excel Hotels &amp; Resorts","description":"","potentialAction":[{"@type":"SearchAction","target":{"@type":"EntryPoint","urlTemplate":"https:\/\/club.excelhotelsandresorts.es\/?s={search_term_string}"},"query-input":"required name=search_term_string"}],"inLanguage":"de"}]}},"_links":{"self":[{"href":"https:\/\/club.excelhotelsandresorts.es\/de\/wp-json\/wp\/v2\/pages\/4703"}],"collection":[{"href":"https:\/\/club.excelhotelsandresorts.es\/de\/wp-json\/wp\/v2\/pages"}],"about":[{"href":"https:\/\/club.excelhotelsandresorts.es\/de\/wp-json\/wp\/v2\/types\/page"}],"author":[{"embeddable":true,"href":"https:\/\/club.excelhotelsandresorts.es\/de\/wp-json\/wp\/v2\/users\/1"}],"replies":[{"embeddable":true,"href":"https:\/\/club.excelhotelsandresorts.es\/de\/wp-json\/wp\/v2\/comments?post=4703"}],"version-history":[{"count":7,"href":"https:\/\/club.excelhotelsandresorts.es\/de\/wp-json\/wp\/v2\/pages\/4703\/revisions"}],"predecessor-version":[{"id":4727,"href":"https:\/\/club.excelhotelsandresorts.es\/de\/wp-json\/wp\/v2\/pages\/4703\/revisions\/4727"}],"wp:attachment":[{"href":"https:\/\/club.excelhotelsandresorts.es\/de\/wp-json\/wp\/v2\/media?parent=4703"}],"curies":[{"name":"wp","href":"https:\/\/api.w.org\/{rel}","templated":true}]}}