{"id":4706,"date":"2024-09-29T11:56:41","date_gmt":"2024-09-29T09:56:41","guid":{"rendered":"https:\/\/excelhelefante.segucom.net\/politica-de-cookies\/"},"modified":"2024-09-30T16:19:18","modified_gmt":"2024-09-30T14:19:18","slug":"cookie-richtlinie","status":"publish","type":"page","link":"https:\/\/club.excelhotelsandresorts.es\/de\/cookie-richtlinie\/","title":{"rendered":"Cookie-Richtlinie"},"content":{"rendered":"\t\t<div data-elementor-type=\"wp-page\" data-elementor-id=\"4706\" class=\"elementor elementor-4706 elementor-4669\">\n\t\t\t\t<div class=\"elementor-element elementor-element-3aa9c378 e-flex e-con-boxed e-con e-parent\" data-id=\"3aa9c378\" data-element_type=\"container\">\n\t\t\t\t\t<div class=\"e-con-inner\">\n\t\t\t\t<div class=\"elementor-element elementor-element-5cd124d elementor-widget elementor-widget-heading\" data-id=\"5cd124d\" data-element_type=\"widget\" data-widget_type=\"heading.default\">\n\t\t\t\t<div class=\"elementor-widget-container\">\n\t\t\t<style>\/*! elementor - v3.22.0 - 26-06-2024 *\/\n.elementor-heading-title{padding:0;margin:0;line-height:1}.elementor-widget-heading .elementor-heading-title[class*=elementor-size-]>a{color:inherit;font-size:inherit;line-height:inherit}.elementor-widget-heading .elementor-heading-title.elementor-size-small{font-size:15px}.elementor-widget-heading .elementor-heading-title.elementor-size-medium{font-size:19px}.elementor-widget-heading .elementor-heading-title.elementor-size-large{font-size:29px}.elementor-widget-heading .elementor-heading-title.elementor-size-xl{font-size:39px}.elementor-widget-heading .elementor-heading-title.elementor-size-xxl{font-size:59px}<\/style><h1 class=\"elementor-heading-title elementor-size-default\">Cookie-Richtlinie<\/h1>\t\t<\/div>\n\t\t\t\t<\/div>\n\t\t\t\t<div class=\"elementor-element elementor-element-7286dd0 elementor-widget elementor-widget-text-editor\" data-id=\"7286dd0\" data-element_type=\"widget\" data-widget_type=\"text-editor.default\">\n\t\t\t\t<div class=\"elementor-widget-container\">\n\t\t\t<style>\/*! elementor - v3.22.0 - 26-06-2024 *\/\n.elementor-widget-text-editor.elementor-drop-cap-view-stacked .elementor-drop-cap{background-color:#69727d;color:#fff}.elementor-widget-text-editor.elementor-drop-cap-view-framed .elementor-drop-cap{color:#69727d;border:3px solid;background-color:transparent}.elementor-widget-text-editor:not(.elementor-drop-cap-view-default) .elementor-drop-cap{margin-top:8px}.elementor-widget-text-editor:not(.elementor-drop-cap-view-default) .elementor-drop-cap-letter{width:1em;height:1em}.elementor-widget-text-editor .elementor-drop-cap{float:left;text-align:center;line-height:1;font-size:50px}.elementor-widget-text-editor .elementor-drop-cap-letter{display:inline-block}<\/style>\t\t\t\t<p><span style=\"text-align: var(--text-align); color: var( --e-global-color-64aecc3 ); font-family: var( --e-global-typography-primary-font-family ), Sans-serif; font-size: var( --e-global-typography-primary-font-size );\"><b>1.&nbsp;<\/b><\/span><span style=\"text-align: var(--text-align);\"><b>Was sind Cookies und warum verwenden wir sie auf der Website?<\/b><\/span><\/p>\n<p>Ein Cookie ist eine Datei, die auf das Ger\u00e4t des Benutzers heruntergeladen wird, wenn dieser eine bestimmte Website aufruft, um Informationen \u00fcber die Navigation auf dem Computer zu speichern und abzurufen.<\/p>\n<p><span style=\"text-align: var(--text-align); color: var( --e-global-color-64aecc3 ); font-family: var( --e-global-typography-primary-font-family ), Sans-serif; font-size: var( --e-global-typography-primary-font-size ); font-weight: var( --e-global-typography-primary-font-weight );\">Cookies erm\u00f6glichen es dieser Website unter anderem, Informationen \u00fcber die Optionen und Gewohnheiten des Benutzers zu speichern und abzurufen. Die auf dieser Website vorhandenen Cookies sind f\u00fcr ihren Betrieb notwendig.<\/span><\/p>\n<p><span style=\"text-align: var(--text-align); color: var( --e-global-color-64aecc3 ); font-family: var( --e-global-typography-primary-font-family ), Sans-serif; font-size: var( --e-global-typography-primary-font-size ); font-weight: var( --e-global-typography-primary-font-weight );\">Es ist wichtig zu wissen, dass durch die Verwendung von Cookies keine personenbezogenen Daten des Benutzers bereitgestellt werden.<\/span><\/p>\n<p><\/p>\n<p><b style=\"text-align: var(--text-align); color: var( --e-global-color-64aecc3 ); font-family: var( --e-global-typography-primary-font-family ), Sans-serif; font-size: var( --e-global-typography-primary-font-size );\"><br><\/b><\/p><p><b style=\"text-align: var(--text-align); color: var( --e-global-color-64aecc3 ); font-family: var( --e-global-typography-primary-font-family ), Sans-serif; font-size: var( --e-global-typography-primary-font-size );\">2.&nbsp;<\/b><span style=\"text-align: var(--text-align); color: var( --e-global-color-64aecc3 ); font-family: var( --e-global-typography-primary-font-family ), Sans-serif; font-size: var( --e-global-typography-primary-font-size ); font-weight: var( --e-global-typography-primary-font-weight );\"><b>Welche Arten von Cookies gibt es?<\/b><\/span><\/p>\n<p>Abh\u00e4ngig davon, wie lange sie aktiv bleiben, k\u00f6nnen Cookies in Sitzungs-Cookies und dauerhafte Cookies unterteilt werden:<\/p>\n<p>\u2022 <b>Sitzungs-Cookies:<\/b> Die von diesen Cookies erhobenen und gespeicherten Daten werden erfasst, solange der Benutzer auf der Website surft, und werden gel\u00f6scht, wenn der Browser geschlossen wird. Sie werden in der Regel verwendet, um Informationen zu speichern, die f\u00fcr die Erbringung des vom Benutzer angeforderten Dienstes zu einem bestimmten Zeitpunkt relevant sind.<\/p>\n<p><span style=\"text-align: var(--text-align); color: var( --e-global-color-64aecc3 ); font-family: var( --e-global-typography-primary-font-family ), Sans-serif; font-size: var( --e-global-typography-primary-font-size );\"><b>\u2022 Dauerhafte Cookies:<\/b><\/span><span style=\"text-align: var(--text-align); color: var( --e-global-color-64aecc3 ); font-family: var( --e-global-typography-primary-font-family ), Sans-serif; font-size: var( --e-global-typography-primary-font-size ); font-weight: var( --e-global-typography-primary-font-weight );\"> Mit diesen Cookies bleiben die Daten f\u00fcr einen bestimmten Zeitraum auf dem Endger\u00e4t gespeichert. Dies erleichtert die Kontrolle der gew\u00e4hlten Einstellungen, ohne dass bei jedem Besuch der Website bestimmte Parameter erneut eingestellt werden m\u00fcssen.<\/span><\/p>\n<p><span style=\"text-align: var(--text-align); color: var( --e-global-color-64aecc3 ); font-family: var( --e-global-typography-primary-font-family ), Sans-serif; font-size: var( --e-global-typography-primary-font-size ); font-weight: var( --e-global-typography-primary-font-weight );\">Dar\u00fcber hinaus k\u00f6nnen Cookies je nach der Einrichtung, die sie verwaltet, in eigene Cookies und&nbsp; Cookies von Dritten unterteilt werden:<\/span><\/p>\n<p><b>\u2022 Eigene Cookies:<\/b> Diese Cookies werden von einem Ger\u00e4t oder einer Domain unter der Verwaltung des Betreibers, von dem\/der aus der vom Benutzer angeforderte Dienst erbracht wird, an das Endger\u00e4t des Benutzers gesendet.&nbsp;<\/p>\n<p><span style=\"text-align: var(--text-align); color: var( --e-global-color-64aecc3 ); font-family: var( --e-global-typography-primary-font-family ), Sans-serif; font-size: var( --e-global-typography-primary-font-size );\"><b>\u2022 Cookies von Dritten:<\/b><\/span><span style=\"text-align: var(--text-align); color: var( --e-global-color-64aecc3 ); font-family: var( --e-global-typography-primary-font-family ), Sans-serif; font-size: var( --e-global-typography-primary-font-size ); font-weight: var( --e-global-typography-primary-font-weight );\"> Diese Cookies werden von einem Ger\u00e4t oder einer Domain an das Endger\u00e4t des Benutzers gesendet, das\/die nicht vom Betreiber verwaltet wird, sondern von einer anderen Instanz, die die durch die Cookies erhaltenen Daten verarbeitet.<\/span><\/p>\n<p>Was den Zweck betrifft, so k\u00f6nnen wie folgt unterteilt werden:<\/p>\n<p><span style=\"text-align: var(--text-align); color: var( --e-global-color-64aecc3 ); font-family: var( --e-global-typography-primary-font-family ), Sans-serif; font-size: var( --e-global-typography-primary-font-size );\"><b>\u2022 Technische Cookies:<\/b><\/span><span style=\"text-align: var(--text-align); color: var( --e-global-color-64aecc3 ); font-family: var( --e-global-typography-primary-font-family ), Sans-serif; font-size: var( --e-global-typography-primary-font-size ); font-weight: var( --e-global-typography-primary-font-weight );\"> Diese Cookies erm\u00f6glichen die Steuerung des Datenverkehrs und der Datenkommunikation.<\/span><\/p>\n<p>\u2022<b> Personalisierungs-Cookies:<\/b> Diese Cookies erm\u00f6glichen den Benutzern den Zugriff gem\u00e4\u00df bestimmten Eigenschaften, die erfasst werden (Browser, Sprache usw.).<\/p>\n<p><span style=\"text-align: var(--text-align); color: var( --e-global-color-64aecc3 ); font-family: var( --e-global-typography-primary-font-family ), Sans-serif; font-size: var( --e-global-typography-primary-font-size );\"><b>\u2022 Analyse-Cookies:<\/b><\/span><span style=\"text-align: var(--text-align); color: var( --e-global-color-64aecc3 ); font-family: var( --e-global-typography-primary-font-family ), Sans-serif; font-size: var( --e-global-typography-primary-font-size ); font-weight: var( --e-global-typography-primary-font-weight );\"> Diese Cookies erm\u00f6glichen es dem f\u00fcr sie Verantwortlichen, das Verhalten der Website-Benutzer zu verfolgen und zu analysieren und ein Benutzerprofil zu erstellen.&nbsp;<\/span><\/p>\n<p>\u2022<b> Werbe-Cookies: <\/b>Diese Cookies erfassen Daten \u00fcber die Verwaltung von Werbefl\u00e4chen.<\/p>\n<p><\/p>\n<p><b>&nbsp;<\/b><\/p>\n<p><b>3.&nbsp;<\/b><span style=\"text-align: var(--text-align);\"><b>Welche Art von Cookies verwendet die Website?<\/b><\/span><\/p>\n<p>COOKIES UNTER KONTROLLE DES BETREIBERS<br>Technische und funktionelle Cookies<\/p>\t\t\t\t\t\t<\/div>\n\t\t\t\t<\/div>\n\t\t\t\t<div class=\"elementor-element elementor-element-ef4a512 tabla-responsive elementor-widget elementor-widget-shortcode\" data-id=\"ef4a512\" data-element_type=\"widget\" data-widget_type=\"shortcode.default\">\n\t\t\t\t<div class=\"elementor-widget-container\">\n\t\t\t\t\t<div class=\"elementor-shortcode\">\n<table id=\"tablepress-6\" class=\"tablepress tablepress-id-6\">\n<tbody>\n<tr class=\"row-1\">\n\t<td class=\"column-1\"><strong>Eigentum<\/strong><\/td><td class=\"column-2\"><strong>Cookie<\/strong><\/td><td class=\"column-3\"><strong>Zweck<\/strong><\/td><td class=\"column-4\"><strong>Frist<\/strong><\/td>\n<\/tr>\n<tr class=\"row-2\">\n\t<td class=\"column-1\">PHP.net<\/td><td class=\"column-2\">PHPSESSID<\/td><td class=\"column-3\">Cookies, die von Anwendungen erzeugt werden, die auf der Sprache PHP basieren. Es handelt sich um einen allgemeinen Identifikator, der verwendet wird, um die Variablen der Benutzersitzung zu speichern. Normalerweise handelt es sich dabei um eine zuf\u00e4llig generierte Zahl. Wie sie verwendet wird, kann website-spezifisch sein, aber ein gutes Beispiel ist die Aufrechterhaltung einer begonnenen Sitzung eines Benutzers, der zwischen Seiten wechselt.<\/td><td class=\"column-4\">Sitzung<\/td>\n<\/tr>\n<\/tbody>\n<\/table>\n<!-- #tablepress-6 from cache --><\/div>\n\t\t\t\t<\/div>\n\t\t\t\t<\/div>\n\t\t\t\t<div class=\"elementor-element elementor-element-cdbbf17 elementor-widget elementor-widget-text-editor\" data-id=\"cdbbf17\" data-element_type=\"widget\" data-widget_type=\"text-editor.default\">\n\t\t\t\t<div class=\"elementor-widget-container\">\n\t\t\t\t\t\t\t<p>COOKIES VON DRITTEN<\/p><p>Die Dienste von Dritten liegen au\u00dferhalb der Kontrolle des Betreibers. Die Anbieter k\u00f6nnen ihre Servicebedingungen, den Zweck und die Verwendung von Cookies usw. jederzeit \u00e4ndern.<br \/>Externe Anbieter dieser Website:<\/p>\t\t\t\t\t\t<\/div>\n\t\t\t\t<\/div>\n\t\t\t\t<div class=\"elementor-element elementor-element-5a43711 tabla-responsive elementor-widget elementor-widget-shortcode\" data-id=\"5a43711\" data-element_type=\"widget\" data-widget_type=\"shortcode.default\">\n\t\t\t\t<div class=\"elementor-widget-container\">\n\t\t\t\t\t<div class=\"elementor-shortcode\">\n<table id=\"tablepress-7\" class=\"tablepress tablepress-id-7\">\n<tbody>\n<tr class=\"row-1\">\n\t<td class=\"column-1\"><strong>Betreiber<\/strong><\/td><td class=\"column-2\"><strong>Datenschutzrichtlinie<\/strong><\/td>\n<\/tr>\n<tr class=\"row-2\">\n\t<td class=\"column-1\">PHP.net<\/td><td class=\"column-2\">https:\/\/www.php.net\/privacy.php<\/td>\n<\/tr>\n<\/tbody>\n<\/table>\n<!-- #tablepress-7 from cache --><\/div>\n\t\t\t\t<\/div>\n\t\t\t\t<\/div>\n\t\t\t\t<div class=\"elementor-element elementor-element-b8dfdb4 elementor-widget elementor-widget-text-editor\" data-id=\"b8dfdb4\" data-element_type=\"widget\" data-widget_type=\"text-editor.default\">\n\t\t\t\t<div class=\"elementor-widget-container\">\n\t\t\t\t\t\t\t<p><b style=\"text-align: var(--text-align); color: var( --e-global-color-64aecc3 ); font-family: var( --e-global-typography-primary-font-family ), Sans-serif; font-size: var( --e-global-typography-primary-font-size );\">\u00a0<\/b><\/p><p><b style=\"text-align: var(--text-align); color: var( --e-global-color-64aecc3 ); font-family: var( --e-global-typography-primary-font-family ), Sans-serif; font-size: var( --e-global-typography-primary-font-size );\">4.\u00a0<\/b><span style=\"text-align: var(--text-align);\"><b>Wie k\u00f6nnen Sie Cookies in Ihrem Browser deaktivieren?<\/b><\/span><\/p><p>Der Benutzer kann die auf seinem Ger\u00e4t installierten Cookies zulassen, blockieren oder l\u00f6schen, indem er die Optionen des auf seinem Ger\u00e4t installierten Browsers konfiguriert. Bitte lesen Sie den Hilfebereich Ihres Browsers sorgf\u00e4ltig durch, um mehr dar\u00fcber zu erfahren, wie Sie den \u201eprivaten Modus\u201c aktivieren oder bestimmte Cookies entsperren k\u00f6nnen.<\/p><p>\u2022 Informationen \u00fcber Cookies f\u00fcr Microsoft.<br \/>http:\/\/windows.microsoft.com\/es-es\/windows-vista\/block-or-allow-cookies<\/p><p>\u2022 Informationen \u00fcber Cookies f\u00fcr Mozilla Firefox.<br \/>http:\/\/support.mozilla.org\/es\/kb\/habilitar-y-deshabilitar-cookies-que-lossitios-we<\/p><p>\u2022 Informationen \u00fcber Cookies f\u00fcr Opera.<br \/>https:\/\/help.opera.com\/en\/latest\/web-preferences\/#cookies<\/p><p>\u2022 Informationen \u00fcber Cookies f\u00fcr Google Chrome.<br \/>https:\/\/support.google.com\/chrome\/answer\/95647?hl=es<\/p><p>\u2022 Informationen \u00fcber Cookies f\u00fcr Safari.<br \/>http:\/\/support.apple.com\/kb\/HT1677?viewlocale=es_ES<\/p>\t\t\t\t\t\t<\/div>\n\t\t\t\t<\/div>\n\t\t\t\t\t<\/div>\n\t\t\t\t<\/div>\n\t\t\t\t<\/div>\n\t\t","protected":false},"excerpt":{"rendered":"Cookie-Richtlinie 1.&nbsp;Was sind Cookies und warum verwenden wir sie auf der Website? Ein Cookie ist eine Datei, die auf das Ger\u00e4t des Benutzers heruntergeladen wird, wenn dieser eine bestimmte Website aufruft, um Informationen \u00fcber die Navigation auf dem Computer zu speichern und abzurufen. Cookies erm\u00f6glichen es dieser Website unter anderem, Informationen \u00fcber die Optionen und [&hellip;]","protected":false},"author":1,"featured_media":0,"parent":0,"menu_order":0,"comment_status":"closed","ping_status":"closed","template":"elementor_header_footer","meta":{"_genesis_hide_title":false,"_genesis_hide_breadcrumbs":false,"_genesis_hide_singular_image":false,"_genesis_hide_footer_widgets":false,"_genesis_custom_body_class":"","_genesis_custom_post_class":"","_genesis_layout":"","footnotes":""},"class_list":{"0":"post-4706","1":"page","2":"type-page","3":"status-publish","5":"entry"},"yoast_head":"<!-- This site is optimized with the Yoast SEO plugin v23.0 - https:\/\/yoast.com\/wordpress\/plugins\/seo\/ -->\n<title>Cookie-Richtlinie - Excel Hotels &amp; Resorts<\/title>\n<meta name=\"robots\" content=\"noindex, follow, max-snippet:-1, max-image-preview:large, max-video-preview:-1\" \/>\n<meta property=\"og:locale\" content=\"de_DE\" \/>\n<meta property=\"og:type\" content=\"article\" \/>\n<meta property=\"og:title\" content=\"Cookie-Richtlinie - Excel Hotels &amp; Resorts\" \/>\n<meta property=\"og:description\" content=\"Cookie-Richtlinie 1.&nbsp;Was sind Cookies und warum verwenden wir sie auf der Website? Ein Cookie ist eine Datei, die auf das Ger\u00e4t des Benutzers heruntergeladen wird, wenn dieser eine bestimmte Website aufruft, um Informationen \u00fcber die Navigation auf dem Computer zu speichern und abzurufen. Cookies erm\u00f6glichen es dieser Website unter anderem, Informationen \u00fcber die Optionen und [&hellip;]\" \/>\n<meta property=\"og:url\" content=\"https:\/\/club.excelhotelsandresorts.es\/de\/cookie-richtlinie\/\" \/>\n<meta property=\"og:site_name\" content=\"Excel Hotels &amp; Resorts\" \/>\n<meta property=\"article:modified_time\" content=\"2024-09-30T14:19:18+00:00\" \/>\n<meta name=\"twitter:card\" content=\"summary_large_image\" \/>\n<meta name=\"twitter:label1\" content=\"Gesch\u00e4tzte Lesezeit\" \/>\n\t<meta name=\"twitter:data1\" content=\"3\u00a0Minuten\" \/>\n<script type=\"application\/ld+json\" class=\"yoast-schema-graph\">{\"@context\":\"https:\/\/schema.org\",\"@graph\":[{\"@type\":\"WebPage\",\"@id\":\"https:\/\/club.excelhotelsandresorts.es\/de\/cookie-richtlinie\/\",\"url\":\"https:\/\/club.excelhotelsandresorts.es\/de\/cookie-richtlinie\/\",\"name\":\"Cookie-Richtlinie - Excel Hotels &amp; Resorts\",\"isPartOf\":{\"@id\":\"https:\/\/club.excelhotelsandresorts.es\/#website\"},\"datePublished\":\"2024-09-29T09:56:41+00:00\",\"dateModified\":\"2024-09-30T14:19:18+00:00\",\"breadcrumb\":{\"@id\":\"https:\/\/club.excelhotelsandresorts.es\/de\/cookie-richtlinie\/#breadcrumb\"},\"inLanguage\":\"de\",\"potentialAction\":[{\"@type\":\"ReadAction\",\"target\":[\"https:\/\/club.excelhotelsandresorts.es\/de\/cookie-richtlinie\/\"]}]},{\"@type\":\"BreadcrumbList\",\"@id\":\"https:\/\/club.excelhotelsandresorts.es\/de\/cookie-richtlinie\/#breadcrumb\",\"itemListElement\":[{\"@type\":\"ListItem\",\"position\":1,\"name\":\"Home\",\"item\":\"https:\/\/club.excelhotelsandresorts.es\/de\/\"},{\"@type\":\"ListItem\",\"position\":2,\"name\":\"Cookie-Richtlinie\"}]},{\"@type\":\"WebSite\",\"@id\":\"https:\/\/club.excelhotelsandresorts.es\/#website\",\"url\":\"https:\/\/club.excelhotelsandresorts.es\/\",\"name\":\"Excel Hotels &amp; Resorts\",\"description\":\"\",\"potentialAction\":[{\"@type\":\"SearchAction\",\"target\":{\"@type\":\"EntryPoint\",\"urlTemplate\":\"https:\/\/club.excelhotelsandresorts.es\/?s={search_term_string}\"},\"query-input\":\"required name=search_term_string\"}],\"inLanguage\":\"de\"}]}<\/script>\n<!-- \/ Yoast SEO plugin. -->","yoast_head_json":{"title":"Cookie-Richtlinie - Excel Hotels &amp; Resorts","robots":{"index":"noindex","follow":"follow","max-snippet":"max-snippet:-1","max-image-preview":"max-image-preview:large","max-video-preview":"max-video-preview:-1"},"og_locale":"de_DE","og_type":"article","og_title":"Cookie-Richtlinie - Excel Hotels &amp; Resorts","og_description":"Cookie-Richtlinie 1.&nbsp;Was sind Cookies und warum verwenden wir sie auf der Website? Ein Cookie ist eine Datei, die auf das Ger\u00e4t des Benutzers heruntergeladen wird, wenn dieser eine bestimmte Website aufruft, um Informationen \u00fcber die Navigation auf dem Computer zu speichern und abzurufen. Cookies erm\u00f6glichen es dieser Website unter anderem, Informationen \u00fcber die Optionen und [&hellip;]","og_url":"https:\/\/club.excelhotelsandresorts.es\/de\/cookie-richtlinie\/","og_site_name":"Excel Hotels &amp; Resorts","article_modified_time":"2024-09-30T14:19:18+00:00","twitter_card":"summary_large_image","twitter_misc":{"Gesch\u00e4tzte Lesezeit":"3\u00a0Minuten"},"schema":{"@context":"https:\/\/schema.org","@graph":[{"@type":"WebPage","@id":"https:\/\/club.excelhotelsandresorts.es\/de\/cookie-richtlinie\/","url":"https:\/\/club.excelhotelsandresorts.es\/de\/cookie-richtlinie\/","name":"Cookie-Richtlinie - Excel Hotels &amp; Resorts","isPartOf":{"@id":"https:\/\/club.excelhotelsandresorts.es\/#website"},"datePublished":"2024-09-29T09:56:41+00:00","dateModified":"2024-09-30T14:19:18+00:00","breadcrumb":{"@id":"https:\/\/club.excelhotelsandresorts.es\/de\/cookie-richtlinie\/#breadcrumb"},"inLanguage":"de","potentialAction":[{"@type":"ReadAction","target":["https:\/\/club.excelhotelsandresorts.es\/de\/cookie-richtlinie\/"]}]},{"@type":"BreadcrumbList","@id":"https:\/\/club.excelhotelsandresorts.es\/de\/cookie-richtlinie\/#breadcrumb","itemListElement":[{"@type":"ListItem","position":1,"name":"Home","item":"https:\/\/club.excelhotelsandresorts.es\/de\/"},{"@type":"ListItem","position":2,"name":"Cookie-Richtlinie"}]},{"@type":"WebSite","@id":"https:\/\/club.excelhotelsandresorts.es\/#website","url":"https:\/\/club.excelhotelsandresorts.es\/","name":"Excel Hotels &amp; Resorts","description":"","potentialAction":[{"@type":"SearchAction","target":{"@type":"EntryPoint","urlTemplate":"https:\/\/club.excelhotelsandresorts.es\/?s={search_term_string}"},"query-input":"required name=search_term_string"}],"inLanguage":"de"}]}},"_links":{"self":[{"href":"https:\/\/club.excelhotelsandresorts.es\/de\/wp-json\/wp\/v2\/pages\/4706"}],"collection":[{"href":"https:\/\/club.excelhotelsandresorts.es\/de\/wp-json\/wp\/v2\/pages"}],"about":[{"href":"https:\/\/club.excelhotelsandresorts.es\/de\/wp-json\/wp\/v2\/types\/page"}],"author":[{"embeddable":true,"href":"https:\/\/club.excelhotelsandresorts.es\/de\/wp-json\/wp\/v2\/users\/1"}],"replies":[{"embeddable":true,"href":"https:\/\/club.excelhotelsandresorts.es\/de\/wp-json\/wp\/v2\/comments?post=4706"}],"version-history":[{"count":10,"href":"https:\/\/club.excelhotelsandresorts.es\/de\/wp-json\/wp\/v2\/pages\/4706\/revisions"}],"predecessor-version":[{"id":4768,"href":"https:\/\/club.excelhotelsandresorts.es\/de\/wp-json\/wp\/v2\/pages\/4706\/revisions\/4768"}],"wp:attachment":[{"href":"https:\/\/club.excelhotelsandresorts.es\/de\/wp-json\/wp\/v2\/media?parent=4706"}],"curies":[{"name":"wp","href":"https:\/\/api.w.org\/{rel}","templated":true}]}}