{"id":4704,"date":"2024-09-29T11:56:48","date_gmt":"2024-09-29T09:56:48","guid":{"rendered":"https:\/\/excelhelefante.segucom.net\/aviso-legal\/"},"modified":"2024-09-30T13:25:41","modified_gmt":"2024-09-30T11:25:41","slug":"aviso-legal","status":"publish","type":"page","link":"https:\/\/club.excelhotelsandresorts.es\/es\/aviso-legal\/","title":{"rendered":"Aviso legal"},"content":{"rendered":"\t\t<div data-elementor-type=\"wp-page\" data-elementor-id=\"4704\" class=\"elementor elementor-4704 elementor-4670\">\n\t\t\t\t<div class=\"elementor-element elementor-element-3aa9c378 e-flex e-con-boxed e-con e-parent\" data-id=\"3aa9c378\" data-element_type=\"container\">\n\t\t\t\t\t<div class=\"e-con-inner\">\n\t\t\t\t<div class=\"elementor-element elementor-element-5cd124d elementor-widget elementor-widget-heading\" data-id=\"5cd124d\" data-element_type=\"widget\" data-widget_type=\"heading.default\">\n\t\t\t\t<div class=\"elementor-widget-container\">\n\t\t\t<style>\/*! elementor - v3.22.0 - 26-06-2024 *\/\n.elementor-heading-title{padding:0;margin:0;line-height:1}.elementor-widget-heading .elementor-heading-title[class*=elementor-size-]>a{color:inherit;font-size:inherit;line-height:inherit}.elementor-widget-heading .elementor-heading-title.elementor-size-small{font-size:15px}.elementor-widget-heading .elementor-heading-title.elementor-size-medium{font-size:19px}.elementor-widget-heading .elementor-heading-title.elementor-size-large{font-size:29px}.elementor-widget-heading .elementor-heading-title.elementor-size-xl{font-size:39px}.elementor-widget-heading .elementor-heading-title.elementor-size-xxl{font-size:59px}<\/style><h1 class=\"elementor-heading-title elementor-size-default\">Aviso legal<\/h1>\t\t<\/div>\n\t\t\t\t<\/div>\n\t\t\t\t<div class=\"elementor-element elementor-element-7286dd0 elementor-widget elementor-widget-text-editor\" data-id=\"7286dd0\" data-element_type=\"widget\" data-widget_type=\"text-editor.default\">\n\t\t\t\t<div class=\"elementor-widget-container\">\n\t\t\t<style>\/*! elementor - v3.22.0 - 26-06-2024 *\/\n.elementor-widget-text-editor.elementor-drop-cap-view-stacked .elementor-drop-cap{background-color:#69727d;color:#fff}.elementor-widget-text-editor.elementor-drop-cap-view-framed .elementor-drop-cap{color:#69727d;border:3px solid;background-color:transparent}.elementor-widget-text-editor:not(.elementor-drop-cap-view-default) .elementor-drop-cap{margin-top:8px}.elementor-widget-text-editor:not(.elementor-drop-cap-view-default) .elementor-drop-cap-letter{width:1em;height:1em}.elementor-widget-text-editor .elementor-drop-cap{float:left;text-align:center;line-height:1;font-size:50px}.elementor-widget-text-editor .elementor-drop-cap-letter{display:inline-block}<\/style>\t\t\t\t<p><span style=\"text-align: var(--text-align); color: var( --e-global-color-64aecc3 ); font-family: var( --e-global-typography-primary-font-family ), Sans-serif; font-size: var( --e-global-typography-primary-font-size );\"><b>1. Identificaci\u00f3n del Titular<\/b><\/span><\/p><p>En cumplimiento de la Ley 34\/2002, de 11 de julio, de Servicios de la Sociedad de la Informaci\u00f3n y de Comercio electr\u00f3nico, se informa al Usuario que el titular de la p\u00e1gina web www.club.excelhotelsandresorts.es es de la sociedad EXCEL HOTELS &amp; RESORTS, S.A y sus datos de identificaci\u00f3n son las siguientes:<\/p><p>Identidad: EXCEL HOTELS &amp; RESORTS, S.A \u2013 en adelante Excel Hotels &amp; Resorts -.<br \/>NIF: A38083101<br \/>Domicilio: Calle Santa Rosa 5 (apartamentos Royal Palm, urbanizaci\u00f3n Oasis del Sur), Arona, 38650, Tenerife.<br \/>Correo electr\u00f3nico: legal@excelhotelsandresorts.es<br \/>Datos del registro: la sociedad est\u00e1 inscrita en el Registro Mercantil de Santa Cruz de Tenerife, en el Tomo 1301, folio 155 y hoja n\u00famero SCT-6514.<\/p><p>\u00a0<\/p><p><b>2. Acceder a la p\u00e1gina web <\/b><\/p><p>El aviso legal regula el acceso y uso de los Usuarios\/as a la p\u00e1gina web y tiene por objeto dar a conocer los servicios de la entidad y permitir el acceso general de todos los usuarios de Internet.<\/p><p>El acceso y\/o uso de la Web atribuye a quien lo realiza la condici\u00f3n de Usuario y la aceptaci\u00f3n, sin reservas de ninguna clase, de todas y cada una de las presentes condiciones generales, as\u00ed como de aquellas otras particulares que, si procede, rijan la utilizaci\u00f3n del Portal o de los servicios vinculados al mismo.<\/p><p>El usuario\/a tiene que leer atentamente el Aviso Legal y las Pol\u00edticas de Privacidad y de Cookies cuando se proponga utilizar la P\u00e1gina Web, puesto que Excel Hotels &amp; Resorts, se reserva la facultad de realizar, en cualquier momento y sin necesidad de ning\u00fan preaviso, cualquier modificaci\u00f3n o actualizaci\u00f3n de los contenidos y servicios, de las presentes disposiciones de acceso y uso y, en general, de cu\u00e1ntos elementos integren el dise\u00f1o y configuraci\u00f3n de su Web. Si no acepta las condiciones de acceso y uso, le rogamos se abstenga de utilizar el Web y su contenido.<\/p><p>\u00a0<\/p><p><b>3. Utilizaci\u00f3n de la p\u00e1gina web<\/b><\/p><p>El Usuario se compromete a hacer un uso diligente de la P\u00e1gina Web, as\u00ed como de la informaci\u00f3n relativa a sus servicios y actividades, con total sujeci\u00f3n tanto a la normativa aplicable, as\u00ed como con la moral y las buenas costumbres generalmente aceptadas y el orden p\u00fablico, las condiciones de acceso y uso y cualesquiera otras condiciones establecidas a la P\u00e1gina Web.<\/p><p>Adem\u00e1s, se compromete a abstenerse de utilizar cualquier de los contenidos con finalidades o efectos il\u00edcitos, prohibidos en el presente texto, lesivos de los derechos e intereses de terceros, o que de cualquier forma puedan da\u00f1ar, inutilizar, sobrecargar, deteriorar o impedir la normal utilizaci\u00f3n de los contenidos, otros Usuarios o de cualquier usuario de Internet (hardware y software).<\/p><p>\u00a0<\/p><p><b>4. Funcionamiento de la p\u00e1gina web<\/b><\/p><p>En caso de incumplimiento de las condiciones del Aviso Legal, o las Pol\u00edticas de Privacidad y Cookies, Excel Hotels &amp; Resorts, se reserva el derecho a limitar, suspender y\/o excluir el acceso en su P\u00e1gina Web, adoptando cualquier medida t\u00e9cnica necesaria a su respeto. Excel Hotels &amp; Resorts, har\u00e1 lo posible para mantener la p\u00e1gina Web en buen funcionamiento, evitando errores, o bien repar\u00e1ndolos y manteniendo los contenidos actualizados. Ahora bien, Excel Hotels &amp; Resorts, no garantiza la disponibilidad y continuidad en el acceso en la P\u00e1gina Web ni la inexistencia de errores en el contenido.<\/p><p>\u00a0<\/p><p><b>5. Responsabilidad<\/b><\/p><p>El Usuario es el \u00fanico responsable del uso que se pueda hacer de cualquier informaci\u00f3n o mecanismo de la P\u00e1gina Web.<\/p><p>Excel Hotels &amp; Resorts, no se har\u00e1 responsable de ning\u00fan da\u00f1o en el hardware y\/o software del Usuario que se derive del acceso y uso de la P\u00e1gina Web. As\u00ed mismo, tampoco se responsabilizar\u00e1 de estos da\u00f1os y\/o perjuicios que se puedan ocasionar por el acceso y\/o uso de la informaci\u00f3n de la P\u00e1gina Web, y en concreto de los que se puedan producir en sistemas inform\u00e1ticos o los provocados por virus \/o ataques inform\u00e1ticos, ca\u00eddas, interrupciones ausencia o defecto en las comunicaciones y\/o Internet.<\/p><p>El Usuario ser\u00e1 responsable de los da\u00f1os y\/o perjuicios que Excel Hotels &amp; Resorts, pueda sufrir como consecuencia del incumplimiento de cualquier de las obligaciones a las que queda sometido a trav\u00e9s del presente Aviso Legal, la normativa aplicable y Pol\u00edtica de Privacidad y de Cookies.<\/p><p>\u00a0<\/p><p><b>6. Pol\u00edtica en materia de \u201cLinks\u201d (Web enlazante y enlazada) <\/b><\/p><p><b>6.1 Web enlazante<\/b><\/p><p>Los terceros que tengan la intenci\u00f3n de incluir en una p\u00e1gina web un enlace de la presente p\u00e1gina tendr\u00e1 que cumplir con la legislaci\u00f3n vigente y no podr\u00e1n alojar contenidos que sean inapropiados, il\u00edcitos, pornogr\u00e1ficos, violentos, etc.<\/p><p>En ning\u00fan caso Excel Hotels &amp; Resorts, se hace responsable del contenido de la P\u00e1gina Web, ni promueve, garantiza, supervisa ni recomienda los contenidos de esta.<\/p><p>Si la Web enlazante incumple alguno de los aspectos anteriores estar\u00e1 obligado a suprimir el enlace de manera inmediata.<\/p><p><b>6.2 Web enlazada <\/b><\/p><p>En esta P\u00e1gina Web se pueden incluir enlaces de p\u00e1ginas web de terceros que permitan al Usuario acceder. No obstante, Excel Hotels &amp; Resorts, no se hace responsable del contenido de estas p\u00e1ginas web enlazadas, sino que ser\u00e1 el Usuario el encargado de aceptar y comprobar los accesos cada vez que acceda.<\/p><p>Tales enlaces o menciones tienen una finalidad que no implican el apoyo, la aprobaci\u00f3n, comercializaci\u00f3n o relaci\u00f3n alguna entre la p\u00e1gina y las personas o entidades titulares de los lugares donde se encuentren.<\/p><p>\u00a0<\/p><p><b>7. Propiedad Intelectual e Industrial sobre los contenidos<\/b><\/p><p>Todos los derechos de propiedad intelectual del Contenido del Sitio Web y su dise\u00f1o gr\u00e1fico son propiedad exclusiva de Excel Hotels &amp; Resorts, o bien de un tercero que ha autorizado la utilizaci\u00f3n de estos, por lo que es a Excel Hotels &amp; Resorts a quien le corresponde el ejercicio exclusivo de los derechos de explotaci\u00f3n de estos. Por ello y en virtud de lo dispuesto en la legislaci\u00f3n aplicable en materia de Derechos de Propiedad Intelectual e Industrial.<\/p><p>Excel Hotels &amp; Resorts no concede ninguna licencia o autorizaci\u00f3n de uso de ninguna clase sobre sus derechos de propiedad intelectual e industrial o sobre cualquier otra propiedad o derecho relacionado con el Sitio Web, los Servicios o los Contenidos de este.<\/p><p>Se permite la reproducci\u00f3n y almacenamiento temporal de los contenidos del Sitio Web en tanto ello sea estrictamente necesario para el uso y visualizaci\u00f3n del Sitio Web desde un dispositivo personal.<\/p><p>La legitimidad de los derechos de propiedad intelectual o industrial correspondientes a los Contenidos aportados por los usuarios es responsabilidad exclusiva de los mismos, por lo que el Usuario mantendr\u00e1 indemne a Excel Hotels &amp; Resorts de cualquier reclamaci\u00f3n de terceros derivada de la utilizaci\u00f3n il\u00edcita de Contenidos en el Sitio Web.<\/p><p>\u00a0<\/p><p><b>8. Publicidad<\/b><\/p><p>En la p\u00e1gina Web podr\u00e1n alojarse contenidos publicitarios o patrocinados. Los anunciantes o patrocinadores son los \u00fanicos responsables de asegurarse que el material remitido para su inclusi\u00f3n en la Web cumple con las leyes que en cada caso puedan ser aplicables.<\/p><p>Excel Hotels &amp; Resorts, no ser\u00e1 responsable de ning\u00fan error, inexactitud o irregularidad que puedan contener los contenidos publicitarios o de los patrocinadores.<\/p><p>\u00a0<\/p><p><b>9. Legislaci\u00f3n aplicable<\/b><\/p><p>El Aviso Legal se regir\u00e1 e interpretar\u00e1 en conformidad con la legislaci\u00f3n espa\u00f1ola.<\/p><p>Para la resoluci\u00f3n de cualquier conflicto que pudiera derivarse del acceso al sitio web, se someter\u00e1n a los juzgados o tribunales pertinentes de conformidad con la normativa de consumidores y usuarios.<\/p><p>\u00a0<\/p><p><b>10. Contacto<\/b><\/p><p>Para cualquier pregunta o comentario sobre el presente aviso legal os pod\u00e9is poner en contacto con nosotros a trav\u00e9s del correo electr\u00f3nico gdpr@onahotels.com<\/p>\t\t\t\t\t\t<\/div>\n\t\t\t\t<\/div>\n\t\t\t\t\t<\/div>\n\t\t\t\t<\/div>\n\t\t\t\t<\/div>\n\t\t","protected":false},"excerpt":{"rendered":"Aviso legal 1. Identificaci\u00f3n del TitularEn cumplimiento de la Ley 34\/2002, de 11 de julio, de Servicios de la Sociedad de la Informaci\u00f3n y de Comercio electr\u00f3nico, se informa al Usuario que el titular de la p\u00e1gina web www.club.excelhotelsandresorts.es es de la sociedad EXCEL HOTELS &amp; RESORTS, S.A y sus datos de identificaci\u00f3n son las [&hellip;]","protected":false},"author":1,"featured_media":0,"parent":0,"menu_order":0,"comment_status":"closed","ping_status":"closed","template":"elementor_header_footer","meta":{"_genesis_hide_title":false,"_genesis_hide_breadcrumbs":false,"_genesis_hide_singular_image":false,"_genesis_hide_footer_widgets":false,"_genesis_custom_body_class":"","_genesis_custom_post_class":"","_genesis_layout":"","footnotes":""},"class_list":{"0":"post-4704","1":"page","2":"type-page","3":"status-publish","5":"entry"},"yoast_head":"<!-- This site is optimized with the Yoast SEO plugin v23.0 - https:\/\/yoast.com\/wordpress\/plugins\/seo\/ -->\n<title>Aviso legal - Excel Hotels &amp; Resorts<\/title>\n<meta name=\"robots\" content=\"noindex, follow, max-snippet:-1, max-image-preview:large, max-video-preview:-1\" \/>\n<meta property=\"og:locale\" content=\"es_ES\" \/>\n<meta property=\"og:type\" content=\"article\" \/>\n<meta property=\"og:title\" content=\"Aviso legal - Excel Hotels &amp; Resorts\" \/>\n<meta property=\"og:description\" content=\"Aviso legal 1. Identificaci\u00f3n del TitularEn cumplimiento de la Ley 34\/2002, de 11 de julio, de Servicios de la Sociedad de la Informaci\u00f3n y de Comercio electr\u00f3nico, se informa al Usuario que el titular de la p\u00e1gina web www.club.excelhotelsandresorts.es es de la sociedad EXCEL HOTELS &amp; RESORTS, S.A y sus datos de identificaci\u00f3n son las [&hellip;]\" \/>\n<meta property=\"og:url\" content=\"https:\/\/club.excelhotelsandresorts.es\/es\/aviso-legal\/\" \/>\n<meta property=\"og:site_name\" content=\"Excel Hotels &amp; Resorts\" \/>\n<meta property=\"article:modified_time\" content=\"2024-09-30T11:25:41+00:00\" \/>\n<meta name=\"twitter:card\" content=\"summary_large_image\" \/>\n<meta name=\"twitter:label1\" content=\"Tiempo de lectura\" \/>\n\t<meta name=\"twitter:data1\" content=\"11 minutos\" \/>\n<script type=\"application\/ld+json\" class=\"yoast-schema-graph\">{\"@context\":\"https:\/\/schema.org\",\"@graph\":[{\"@type\":\"WebPage\",\"@id\":\"https:\/\/club.excelhotelsandresorts.es\/es\/aviso-legal\/\",\"url\":\"https:\/\/club.excelhotelsandresorts.es\/es\/aviso-legal\/\",\"name\":\"Aviso legal - Excel Hotels &amp; Resorts\",\"isPartOf\":{\"@id\":\"https:\/\/club.excelhotelsandresorts.es\/#website\"},\"datePublished\":\"2024-09-29T09:56:48+00:00\",\"dateModified\":\"2024-09-30T11:25:41+00:00\",\"breadcrumb\":{\"@id\":\"https:\/\/club.excelhotelsandresorts.es\/es\/aviso-legal\/#breadcrumb\"},\"inLanguage\":\"es\",\"potentialAction\":[{\"@type\":\"ReadAction\",\"target\":[\"https:\/\/club.excelhotelsandresorts.es\/es\/aviso-legal\/\"]}]},{\"@type\":\"BreadcrumbList\",\"@id\":\"https:\/\/club.excelhotelsandresorts.es\/es\/aviso-legal\/#breadcrumb\",\"itemListElement\":[{\"@type\":\"ListItem\",\"position\":1,\"name\":\"Home\",\"item\":\"https:\/\/club.excelhotelsandresorts.es\/es\/\"},{\"@type\":\"ListItem\",\"position\":2,\"name\":\"Aviso legal\"}]},{\"@type\":\"WebSite\",\"@id\":\"https:\/\/club.excelhotelsandresorts.es\/#website\",\"url\":\"https:\/\/club.excelhotelsandresorts.es\/\",\"name\":\"Excel Hotels &amp; Resorts\",\"description\":\"\",\"potentialAction\":[{\"@type\":\"SearchAction\",\"target\":{\"@type\":\"EntryPoint\",\"urlTemplate\":\"https:\/\/club.excelhotelsandresorts.es\/?s={search_term_string}\"},\"query-input\":\"required name=search_term_string\"}],\"inLanguage\":\"es\"}]}<\/script>\n<!-- \/ Yoast SEO plugin. -->","yoast_head_json":{"title":"Aviso legal - Excel Hotels &amp; Resorts","robots":{"index":"noindex","follow":"follow","max-snippet":"max-snippet:-1","max-image-preview":"max-image-preview:large","max-video-preview":"max-video-preview:-1"},"og_locale":"es_ES","og_type":"article","og_title":"Aviso legal - Excel Hotels &amp; Resorts","og_description":"Aviso legal 1. Identificaci\u00f3n del TitularEn cumplimiento de la Ley 34\/2002, de 11 de julio, de Servicios de la Sociedad de la Informaci\u00f3n y de Comercio electr\u00f3nico, se informa al Usuario que el titular de la p\u00e1gina web www.club.excelhotelsandresorts.es es de la sociedad EXCEL HOTELS &amp; RESORTS, S.A y sus datos de identificaci\u00f3n son las [&hellip;]","og_url":"https:\/\/club.excelhotelsandresorts.es\/es\/aviso-legal\/","og_site_name":"Excel Hotels &amp; Resorts","article_modified_time":"2024-09-30T11:25:41+00:00","twitter_card":"summary_large_image","twitter_misc":{"Tiempo de lectura":"11 minutos"},"schema":{"@context":"https:\/\/schema.org","@graph":[{"@type":"WebPage","@id":"https:\/\/club.excelhotelsandresorts.es\/es\/aviso-legal\/","url":"https:\/\/club.excelhotelsandresorts.es\/es\/aviso-legal\/","name":"Aviso legal - Excel Hotels &amp; Resorts","isPartOf":{"@id":"https:\/\/club.excelhotelsandresorts.es\/#website"},"datePublished":"2024-09-29T09:56:48+00:00","dateModified":"2024-09-30T11:25:41+00:00","breadcrumb":{"@id":"https:\/\/club.excelhotelsandresorts.es\/es\/aviso-legal\/#breadcrumb"},"inLanguage":"es","potentialAction":[{"@type":"ReadAction","target":["https:\/\/club.excelhotelsandresorts.es\/es\/aviso-legal\/"]}]},{"@type":"BreadcrumbList","@id":"https:\/\/club.excelhotelsandresorts.es\/es\/aviso-legal\/#breadcrumb","itemListElement":[{"@type":"ListItem","position":1,"name":"Home","item":"https:\/\/club.excelhotelsandresorts.es\/es\/"},{"@type":"ListItem","position":2,"name":"Aviso legal"}]},{"@type":"WebSite","@id":"https:\/\/club.excelhotelsandresorts.es\/#website","url":"https:\/\/club.excelhotelsandresorts.es\/","name":"Excel Hotels &amp; Resorts","description":"","potentialAction":[{"@type":"SearchAction","target":{"@type":"EntryPoint","urlTemplate":"https:\/\/club.excelhotelsandresorts.es\/?s={search_term_string}"},"query-input":"required name=search_term_string"}],"inLanguage":"es"}]}},"_links":{"self":[{"href":"https:\/\/club.excelhotelsandresorts.es\/es\/wp-json\/wp\/v2\/pages\/4704"}],"collection":[{"href":"https:\/\/club.excelhotelsandresorts.es\/es\/wp-json\/wp\/v2\/pages"}],"about":[{"href":"https:\/\/club.excelhotelsandresorts.es\/es\/wp-json\/wp\/v2\/types\/page"}],"author":[{"embeddable":true,"href":"https:\/\/club.excelhotelsandresorts.es\/es\/wp-json\/wp\/v2\/users\/1"}],"replies":[{"embeddable":true,"href":"https:\/\/club.excelhotelsandresorts.es\/es\/wp-json\/wp\/v2\/comments?post=4704"}],"version-history":[{"count":1,"href":"https:\/\/club.excelhotelsandresorts.es\/es\/wp-json\/wp\/v2\/pages\/4704\/revisions"}],"predecessor-version":[{"id":4711,"href":"https:\/\/club.excelhotelsandresorts.es\/es\/wp-json\/wp\/v2\/pages\/4704\/revisions\/4711"}],"wp:attachment":[{"href":"https:\/\/club.excelhotelsandresorts.es\/es\/wp-json\/wp\/v2\/media?parent=4704"}],"curies":[{"name":"wp","href":"https:\/\/api.w.org\/{rel}","templated":true}]}}