{"id":4707,"date":"2024-09-29T11:56:41","date_gmt":"2024-09-29T09:56:41","guid":{"rendered":"https:\/\/excelhelefante.segucom.net\/politica-de-cookies\/"},"modified":"2024-10-01T12:48:20","modified_gmt":"2024-10-01T10:48:20","slug":"politica-de-cookies","status":"publish","type":"page","link":"https:\/\/club.excelhotelsandresorts.es\/es\/politica-de-cookies\/","title":{"rendered":"Pol\u00edtica de cookies"},"content":{"rendered":"\t\t<div data-elementor-type=\"wp-page\" data-elementor-id=\"4707\" class=\"elementor elementor-4707 elementor-4669\">\n\t\t\t\t<div class=\"elementor-element elementor-element-3aa9c378 e-flex e-con-boxed e-con e-parent\" data-id=\"3aa9c378\" data-element_type=\"container\">\n\t\t\t\t\t<div class=\"e-con-inner\">\n\t\t\t\t<div class=\"elementor-element elementor-element-5cd124d elementor-widget elementor-widget-heading\" data-id=\"5cd124d\" data-element_type=\"widget\" data-widget_type=\"heading.default\">\n\t\t\t\t<div class=\"elementor-widget-container\">\n\t\t\t<style>\/*! elementor - v3.22.0 - 26-06-2024 *\/\n.elementor-heading-title{padding:0;margin:0;line-height:1}.elementor-widget-heading .elementor-heading-title[class*=elementor-size-]>a{color:inherit;font-size:inherit;line-height:inherit}.elementor-widget-heading .elementor-heading-title.elementor-size-small{font-size:15px}.elementor-widget-heading .elementor-heading-title.elementor-size-medium{font-size:19px}.elementor-widget-heading .elementor-heading-title.elementor-size-large{font-size:29px}.elementor-widget-heading .elementor-heading-title.elementor-size-xl{font-size:39px}.elementor-widget-heading .elementor-heading-title.elementor-size-xxl{font-size:59px}<\/style><h1 class=\"elementor-heading-title elementor-size-default\">Pol\u00edtica de cookies<\/h1>\t\t<\/div>\n\t\t\t\t<\/div>\n\t\t\t\t<div class=\"elementor-element elementor-element-7286dd0 elementor-widget elementor-widget-text-editor\" data-id=\"7286dd0\" data-element_type=\"widget\" data-widget_type=\"text-editor.default\">\n\t\t\t\t<div class=\"elementor-widget-container\">\n\t\t\t<style>\/*! elementor - v3.22.0 - 26-06-2024 *\/\n.elementor-widget-text-editor.elementor-drop-cap-view-stacked .elementor-drop-cap{background-color:#69727d;color:#fff}.elementor-widget-text-editor.elementor-drop-cap-view-framed .elementor-drop-cap{color:#69727d;border:3px solid;background-color:transparent}.elementor-widget-text-editor:not(.elementor-drop-cap-view-default) .elementor-drop-cap{margin-top:8px}.elementor-widget-text-editor:not(.elementor-drop-cap-view-default) .elementor-drop-cap-letter{width:1em;height:1em}.elementor-widget-text-editor .elementor-drop-cap{float:left;text-align:center;line-height:1;font-size:50px}.elementor-widget-text-editor .elementor-drop-cap-letter{display:inline-block}<\/style>\t\t\t\t<p><span style=\"text-align: var(--text-align); color: var( --e-global-color-64aecc3 ); font-family: var( --e-global-typography-primary-font-family ), Sans-serif; font-size: var( --e-global-typography-primary-font-size );\"><b>1. \u00bfQu\u00e9 son las cookies y por qu\u00e9 las utilizamos en el sitio web?<\/b><\/span><\/p>\n<p>Una cookie es un archivo que se descarga en el dispositivo del usuario para acceder a un determinado sitio web para almacenar y recuperar informaci\u00f3n sobre la navegaci\u00f3n que se hace en el ordenador.<br \/>Las cookies permiten a este sitio web, entre otras cosas, almacenar y recuperar informaci\u00f3n sobre las opciones y los h\u00e1bitos del usuario. En este sitio web, las cookies que existen son necesarias para el funcionamiento de este.<\/p>\n<p>Es importante tener en cuenta que el uso de cookies no proporciona datos personales del usuario.<\/p>\n<p>\u00a0<\/p>\n<p><b>2. \u00bfQu\u00e9 tipo de cookies existen?<\/b><\/p>\n<p>Las cookies, en funci\u00f3n del tiempo que permanecen activadas, pueden dividirse en cookies de sesi\u00f3n o permanentes:<\/p>\n<p>\u2022 <b>Cookies de sesi\u00f3n:<\/b> los datos que recaban y almacenan estas cookies se recogen mientras el usuario navega por la p\u00e1gina web, y son eliminadas al cerrar el navegador. Se suelen emplear para almacenar informaci\u00f3n que interesa conservar para la prestaci\u00f3n del servicio solicitado por el usuario en una sola ocasi\u00f3n.<\/p>\n<p>\u2022 <b>Cookies persistentes:<\/b> mediante estas cookies los datos contin\u00faan almacenados en el terminal durante un per\u00edodo de tiempo determinado, facilitando as\u00ed el control de las preferencias elegidas sin tener que repetir ciertos par\u00e1metros cada vez que se visite el sitio web.<\/p>\n<p>Adicionalmente, seg\u00fan la entidad que las gestione, las cookies pueden clasificarse en propias o de tercero:<\/p>\n<p>\u2022<b> Cookies propias:<\/b> estas cookies se env\u00edan al equipo terminal del usuario desde un equipo o dominio gestionado por el propio editor y desde el cual se presta el servicio solicitado por el usuario.<\/p>\n<p>\u2022 <b>Cookies de terceros:<\/b> estas cookies se env\u00edan al equipo terminal del usuario desde un equipo o dominio que no es gestionado por el editor, sino por otra entidad que trata los datos obtenidos trav\u00e9s de las cookies.<\/p>\n<p>En cuanto a la finalidad, las cookies pueden ser:<\/p>\n<p>\u2022<b> Cookies t\u00e9cnicas:<\/b> estas cookies permiten controlar el tr\u00e1fico y la comunicaci\u00f3n de datos.<\/p>\n<p>\u2022 <b>Cookies de personalizaci\u00f3n:<\/b> estas cookies dejan acceder a los usuarios seg\u00fan algunas caracter\u00edsticas propias que se recogen (navegador, idioma, etc.).<\/p>\n<p>\u2022<b> Cookies de an\u00e1lisis:<\/b> estas cookies permiten al responsable de las mismas el seguimiento y an\u00e1lisis del comportamiento de los usuarios de los sitios web y permiten elaborar un perfil de usuario.<\/p>\n<p>\u2022 <b>Cookies publicitarias: <\/b>estas cookies recogen datos sobre la gesti\u00f3n de los espacios publicitarios.<\/p>\n<p>\u00a0<\/p>\n<p><b>3. \u00bfQu\u00e9 tipo de cookies utiliza la web?<\/b><\/p>\n<p>COOKIES CONTROLADAS POR EL EDITOR<br \/>T\u00e9cnicas y funcionales<\/p>\n\t\t\t\t\t\t<\/div>\n\t\t\t\t<\/div>\n\t\t\t\t<div class=\"elementor-element elementor-element-ef4a512 tabla-responsive elementor-widget elementor-widget-shortcode\" data-id=\"ef4a512\" data-element_type=\"widget\" data-widget_type=\"shortcode.default\">\n\t\t\t\t<div class=\"elementor-widget-container\">\n\t\t\t\t\t<div class=\"elementor-shortcode\">\n<table id=\"tablepress-2\" class=\"tablepress tablepress-id-2\">\n<tbody>\n<tr class=\"row-1\">\n\t<td class=\"column-1\"><strong>Propiedad<\/strong><\/td><td class=\"column-2\"><strong>Cookie<\/strong><\/td><td class=\"column-3\"><strong>Finalidad<\/strong><\/td><td class=\"column-4\"><strong>Plazo<\/strong><\/td>\n<\/tr>\n<tr class=\"row-2\">\n\t<td class=\"column-1\">PHP.net<\/td><td class=\"column-2\">PHPSESSID<\/td><td class=\"column-3\">Cookies generadas por las aplicaciones basadas en el lenguaje PHP. Se trata de un identificador de prop\u00f3sito general usado para mantener las variables de sesi\u00f3n de usuario. Normalmente es un n\u00famero generado al azar, c\u00f3mo se utiliza puede ser espec\u00edfica para el sitio, pero un buen ejemplo es el mantenimiento de una sesi\u00f3n iniciada en el estado de un usuario entre las p\u00e1ginas.<\/td><td class=\"column-4\">Sesi\u00f3n<\/td>\n<\/tr>\n<\/tbody>\n<\/table>\n<!-- #tablepress-2 from cache --><\/div>\n\t\t\t\t<\/div>\n\t\t\t\t<\/div>\n\t\t\t\t<div class=\"elementor-element elementor-element-cdbbf17 elementor-widget elementor-widget-text-editor\" data-id=\"cdbbf17\" data-element_type=\"widget\" data-widget_type=\"text-editor.default\">\n\t\t\t\t<div class=\"elementor-widget-container\">\n\t\t\t\t\t\t\t<p><span style=\"text-align: var(--text-align); color: var( --e-global-color-64aecc3 ); font-family: var( --e-global-typography-primary-font-family ), Sans-serif; font-size: var( --e-global-typography-primary-font-size ); font-weight: var( --e-global-typography-primary-font-weight );\">COOKIES DE TERCEROS<\/span><\/p>\n<p>Los servicios de terceros son ajenos al control del editor. Los proveedores pueden modificar en todo momento sus condiciones de servicio, finalidad y utilizaci\u00f3n de las cookies, etc.<br \/>Proveedores externos de este sitio web:<\/p>\n\t\t\t\t\t\t<\/div>\n\t\t\t\t<\/div>\n\t\t\t\t<div class=\"elementor-element elementor-element-5a43711 tabla-responsive elementor-widget elementor-widget-shortcode\" data-id=\"5a43711\" data-element_type=\"widget\" data-widget_type=\"shortcode.default\">\n\t\t\t\t<div class=\"elementor-widget-container\">\n\t\t\t\t\t<div class=\"elementor-shortcode\">\n<table id=\"tablepress-3\" class=\"tablepress tablepress-id-3\">\n<tbody>\n<tr class=\"row-1\">\n\t<td class=\"column-1\"><strong>Editor<\/strong><\/td><td class=\"column-2\"><strong>Pol\u00edtica de privacidad<\/strong><\/td>\n<\/tr>\n<tr class=\"row-2\">\n\t<td class=\"column-1\">PHP.net<\/td><td class=\"column-2\">https:\/\/www.php.net\/privacy.php<\/td>\n<\/tr>\n<\/tbody>\n<\/table>\n<!-- #tablepress-3 from cache --><\/div>\n\t\t\t\t<\/div>\n\t\t\t\t<\/div>\n\t\t\t\t<div class=\"elementor-element elementor-element-b8dfdb4 elementor-widget elementor-widget-text-editor\" data-id=\"b8dfdb4\" data-element_type=\"widget\" data-widget_type=\"text-editor.default\">\n\t\t\t\t<div class=\"elementor-widget-container\">\n\t\t\t\t\t\t\t<p><b style=\"text-align: var(--text-align); color: var( --e-global-color-64aecc3 ); font-family: var( --e-global-typography-primary-font-family ), Sans-serif; font-size: var( --e-global-typography-primary-font-size );\">\u00a0<\/b><\/p>\n<p><b style=\"text-align: var(--text-align); color: var( --e-global-color-64aecc3 ); font-family: var( --e-global-typography-primary-font-family ), Sans-serif; font-size: var( --e-global-typography-primary-font-size );\">4. \u00bfC\u00f3mo deshabilitar las cookies en su navegador?<\/b><\/p>\n<p>El usuario puede permitir, bloquear o eliminar las cookies instaladas en su equipo mediante la configuraci\u00f3n de las opciones del navegador instalado en su ordenador. Por favor, lee atentamente la secci\u00f3n de ayuda de su navegador para conocer m\u00e1s acerca de c\u00f3mo activar el \u201cmodo privado\u201d o desbloquear determinadas cookies.<\/p>\n<p>\u2022 Informaci\u00f3n sobre cookies para Microsoft.<br \/>http:\/\/windows.microsoft.com\/es-es\/windows-vista\/block-or-allow-cookies<\/p>\n<p>\u2022 Informaci\u00f3n sobre cookies para Mozilla Firefox.<br \/>http:\/\/support.mozilla.org\/es\/kb\/habilitar-y-deshabilitar-cookies-que-lossitios-we<\/p>\n<p>\u2022 Informaci\u00f3n sobre cookies para Opera.<br \/>https:\/\/help.opera.com\/en\/latest\/web-preferences\/#cookies<\/p>\n<p>\u2022 Informaci\u00f3n sobre cookies para Google Chrome.<br \/>https:\/\/support.google.com\/chrome\/answer\/95647?hl=es<\/p>\n<p>\u2022 Informaci\u00f3n sobre cookies para Safari.<br \/>http:\/\/support.apple.com\/kb\/HT1677?viewlocale=es_ES<\/p>\n\t\t\t\t\t\t<\/div>\n\t\t\t\t<\/div>\n\t\t\t\t\t<\/div>\n\t\t\t\t<\/div>\n\t\t\t\t<\/div>\n\t\t","protected":false},"excerpt":{"rendered":"Pol\u00edtica de cookies 1. \u00bfQu\u00e9 son las cookies y por qu\u00e9 las utilizamos en el sitio web? Una cookie es un archivo que se descarga en el dispositivo del usuario para acceder a un determinado sitio web para almacenar y recuperar informaci\u00f3n sobre la navegaci\u00f3n que se hace en el ordenador.Las cookies permiten a este [&hellip;]","protected":false},"author":1,"featured_media":0,"parent":0,"menu_order":0,"comment_status":"closed","ping_status":"closed","template":"elementor_header_footer","meta":{"_genesis_hide_title":false,"_genesis_hide_breadcrumbs":false,"_genesis_hide_singular_image":false,"_genesis_hide_footer_widgets":false,"_genesis_custom_body_class":"","_genesis_custom_post_class":"","_genesis_layout":"","footnotes":""},"class_list":{"0":"post-4707","1":"page","2":"type-page","3":"status-publish","5":"entry"},"yoast_head":"<!-- This site is optimized with the Yoast SEO plugin v23.0 - https:\/\/yoast.com\/wordpress\/plugins\/seo\/ -->\n<title>Pol\u00edtica de cookies - Excel Hotels &amp; Resorts<\/title>\n<meta name=\"robots\" content=\"noindex, follow, max-snippet:-1, max-image-preview:large, max-video-preview:-1\" \/>\n<meta property=\"og:locale\" content=\"es_ES\" \/>\n<meta property=\"og:type\" content=\"article\" \/>\n<meta property=\"og:title\" content=\"Pol\u00edtica de cookies - Excel Hotels &amp; Resorts\" \/>\n<meta property=\"og:description\" content=\"Pol\u00edtica de cookies 1. \u00bfQu\u00e9 son las cookies y por qu\u00e9 las utilizamos en el sitio web? Una cookie es un archivo que se descarga en el dispositivo del usuario para acceder a un determinado sitio web para almacenar y recuperar informaci\u00f3n sobre la navegaci\u00f3n que se hace en el ordenador.Las cookies permiten a este [&hellip;]\" \/>\n<meta property=\"og:url\" content=\"https:\/\/club.excelhotelsandresorts.es\/es\/politica-de-cookies\/\" \/>\n<meta property=\"og:site_name\" content=\"Excel Hotels &amp; Resorts\" \/>\n<meta property=\"article:modified_time\" content=\"2024-10-01T10:48:20+00:00\" \/>\n<meta name=\"twitter:card\" content=\"summary_large_image\" \/>\n<meta name=\"twitter:label1\" content=\"Tiempo de lectura\" \/>\n\t<meta name=\"twitter:data1\" content=\"3 minutos\" \/>\n<script type=\"application\/ld+json\" class=\"yoast-schema-graph\">{\"@context\":\"https:\/\/schema.org\",\"@graph\":[{\"@type\":\"WebPage\",\"@id\":\"https:\/\/club.excelhotelsandresorts.es\/es\/politica-de-cookies\/\",\"url\":\"https:\/\/club.excelhotelsandresorts.es\/es\/politica-de-cookies\/\",\"name\":\"Pol\u00edtica de cookies - Excel Hotels &amp; Resorts\",\"isPartOf\":{\"@id\":\"https:\/\/club.excelhotelsandresorts.es\/#website\"},\"datePublished\":\"2024-09-29T09:56:41+00:00\",\"dateModified\":\"2024-10-01T10:48:20+00:00\",\"breadcrumb\":{\"@id\":\"https:\/\/club.excelhotelsandresorts.es\/es\/politica-de-cookies\/#breadcrumb\"},\"inLanguage\":\"es\",\"potentialAction\":[{\"@type\":\"ReadAction\",\"target\":[\"https:\/\/club.excelhotelsandresorts.es\/es\/politica-de-cookies\/\"]}]},{\"@type\":\"BreadcrumbList\",\"@id\":\"https:\/\/club.excelhotelsandresorts.es\/es\/politica-de-cookies\/#breadcrumb\",\"itemListElement\":[{\"@type\":\"ListItem\",\"position\":1,\"name\":\"Home\",\"item\":\"https:\/\/club.excelhotelsandresorts.es\/es\/\"},{\"@type\":\"ListItem\",\"position\":2,\"name\":\"Pol\u00edtica de cookies\"}]},{\"@type\":\"WebSite\",\"@id\":\"https:\/\/club.excelhotelsandresorts.es\/#website\",\"url\":\"https:\/\/club.excelhotelsandresorts.es\/\",\"name\":\"Excel Hotels &amp; Resorts\",\"description\":\"\",\"potentialAction\":[{\"@type\":\"SearchAction\",\"target\":{\"@type\":\"EntryPoint\",\"urlTemplate\":\"https:\/\/club.excelhotelsandresorts.es\/?s={search_term_string}\"},\"query-input\":\"required name=search_term_string\"}],\"inLanguage\":\"es\"}]}<\/script>\n<!-- \/ Yoast SEO plugin. -->","yoast_head_json":{"title":"Pol\u00edtica de cookies - Excel Hotels &amp; Resorts","robots":{"index":"noindex","follow":"follow","max-snippet":"max-snippet:-1","max-image-preview":"max-image-preview:large","max-video-preview":"max-video-preview:-1"},"og_locale":"es_ES","og_type":"article","og_title":"Pol\u00edtica de cookies - Excel Hotels &amp; Resorts","og_description":"Pol\u00edtica de cookies 1. \u00bfQu\u00e9 son las cookies y por qu\u00e9 las utilizamos en el sitio web? Una cookie es un archivo que se descarga en el dispositivo del usuario para acceder a un determinado sitio web para almacenar y recuperar informaci\u00f3n sobre la navegaci\u00f3n que se hace en el ordenador.Las cookies permiten a este [&hellip;]","og_url":"https:\/\/club.excelhotelsandresorts.es\/es\/politica-de-cookies\/","og_site_name":"Excel Hotels &amp; Resorts","article_modified_time":"2024-10-01T10:48:20+00:00","twitter_card":"summary_large_image","twitter_misc":{"Tiempo de lectura":"3 minutos"},"schema":{"@context":"https:\/\/schema.org","@graph":[{"@type":"WebPage","@id":"https:\/\/club.excelhotelsandresorts.es\/es\/politica-de-cookies\/","url":"https:\/\/club.excelhotelsandresorts.es\/es\/politica-de-cookies\/","name":"Pol\u00edtica de cookies - Excel Hotels &amp; Resorts","isPartOf":{"@id":"https:\/\/club.excelhotelsandresorts.es\/#website"},"datePublished":"2024-09-29T09:56:41+00:00","dateModified":"2024-10-01T10:48:20+00:00","breadcrumb":{"@id":"https:\/\/club.excelhotelsandresorts.es\/es\/politica-de-cookies\/#breadcrumb"},"inLanguage":"es","potentialAction":[{"@type":"ReadAction","target":["https:\/\/club.excelhotelsandresorts.es\/es\/politica-de-cookies\/"]}]},{"@type":"BreadcrumbList","@id":"https:\/\/club.excelhotelsandresorts.es\/es\/politica-de-cookies\/#breadcrumb","itemListElement":[{"@type":"ListItem","position":1,"name":"Home","item":"https:\/\/club.excelhotelsandresorts.es\/es\/"},{"@type":"ListItem","position":2,"name":"Pol\u00edtica de cookies"}]},{"@type":"WebSite","@id":"https:\/\/club.excelhotelsandresorts.es\/#website","url":"https:\/\/club.excelhotelsandresorts.es\/","name":"Excel Hotels &amp; Resorts","description":"","potentialAction":[{"@type":"SearchAction","target":{"@type":"EntryPoint","urlTemplate":"https:\/\/club.excelhotelsandresorts.es\/?s={search_term_string}"},"query-input":"required name=search_term_string"}],"inLanguage":"es"}]}},"_links":{"self":[{"href":"https:\/\/club.excelhotelsandresorts.es\/es\/wp-json\/wp\/v2\/pages\/4707"}],"collection":[{"href":"https:\/\/club.excelhotelsandresorts.es\/es\/wp-json\/wp\/v2\/pages"}],"about":[{"href":"https:\/\/club.excelhotelsandresorts.es\/es\/wp-json\/wp\/v2\/types\/page"}],"author":[{"embeddable":true,"href":"https:\/\/club.excelhotelsandresorts.es\/es\/wp-json\/wp\/v2\/users\/1"}],"replies":[{"embeddable":true,"href":"https:\/\/club.excelhotelsandresorts.es\/es\/wp-json\/wp\/v2\/comments?post=4707"}],"version-history":[{"count":9,"href":"https:\/\/club.excelhotelsandresorts.es\/es\/wp-json\/wp\/v2\/pages\/4707\/revisions"}],"predecessor-version":[{"id":4848,"href":"https:\/\/club.excelhotelsandresorts.es\/es\/wp-json\/wp\/v2\/pages\/4707\/revisions\/4848"}],"wp:attachment":[{"href":"https:\/\/club.excelhotelsandresorts.es\/es\/wp-json\/wp\/v2\/media?parent=4707"}],"curies":[{"name":"wp","href":"https:\/\/api.w.org\/{rel}","templated":true}]}}