{"id":4702,"date":"2024-09-29T11:56:48","date_gmt":"2024-09-29T09:56:48","guid":{"rendered":"https:\/\/excelhelefante.segucom.net\/aviso-legal\/"},"modified":"2024-09-30T13:56:59","modified_gmt":"2024-09-30T11:56:59","slug":"mentions-legales","status":"publish","type":"page","link":"https:\/\/club.excelhotelsandresorts.es\/fr\/mentions-legales\/","title":{"rendered":"Mentions l\u00e9gales"},"content":{"rendered":"\t\t<div data-elementor-type=\"wp-page\" data-elementor-id=\"4702\" class=\"elementor elementor-4702 elementor-4670\">\n\t\t\t\t<div class=\"elementor-element elementor-element-3aa9c378 e-flex e-con-boxed e-con e-parent\" data-id=\"3aa9c378\" data-element_type=\"container\">\n\t\t\t\t\t<div class=\"e-con-inner\">\n\t\t\t\t<div class=\"elementor-element elementor-element-5cd124d elementor-widget elementor-widget-heading\" data-id=\"5cd124d\" data-element_type=\"widget\" data-widget_type=\"heading.default\">\n\t\t\t\t<div class=\"elementor-widget-container\">\n\t\t\t<style>\/*! elementor - v3.22.0 - 26-06-2024 *\/\n.elementor-heading-title{padding:0;margin:0;line-height:1}.elementor-widget-heading .elementor-heading-title[class*=elementor-size-]>a{color:inherit;font-size:inherit;line-height:inherit}.elementor-widget-heading .elementor-heading-title.elementor-size-small{font-size:15px}.elementor-widget-heading .elementor-heading-title.elementor-size-medium{font-size:19px}.elementor-widget-heading .elementor-heading-title.elementor-size-large{font-size:29px}.elementor-widget-heading .elementor-heading-title.elementor-size-xl{font-size:39px}.elementor-widget-heading .elementor-heading-title.elementor-size-xxl{font-size:59px}<\/style><h1 class=\"elementor-heading-title elementor-size-default\">Mentions l\u00e9gales<\/h1>\t\t<\/div>\n\t\t\t\t<\/div>\n\t\t\t\t<div class=\"elementor-element elementor-element-7286dd0 elementor-widget elementor-widget-text-editor\" data-id=\"7286dd0\" data-element_type=\"widget\" data-widget_type=\"text-editor.default\">\n\t\t\t\t<div class=\"elementor-widget-container\">\n\t\t\t<style>\/*! elementor - v3.22.0 - 26-06-2024 *\/\n.elementor-widget-text-editor.elementor-drop-cap-view-stacked .elementor-drop-cap{background-color:#69727d;color:#fff}.elementor-widget-text-editor.elementor-drop-cap-view-framed .elementor-drop-cap{color:#69727d;border:3px solid;background-color:transparent}.elementor-widget-text-editor:not(.elementor-drop-cap-view-default) .elementor-drop-cap{margin-top:8px}.elementor-widget-text-editor:not(.elementor-drop-cap-view-default) .elementor-drop-cap-letter{width:1em;height:1em}.elementor-widget-text-editor .elementor-drop-cap{float:left;text-align:center;line-height:1;font-size:50px}.elementor-widget-text-editor .elementor-drop-cap-letter{display:inline-block}<\/style>\t\t\t\t<p><span style=\"text-align: var(--text-align); color: var( --e-global-color-64aecc3 ); font-family: var( --e-global-typography-primary-font-family ), Sans-serif; font-size: var( --e-global-typography-primary-font-size );\"><b>1. Identification du Titulaire<\/b><\/span><\/p>\n<p>En conformit\u00e9 avec la Loi 34\/2002 du 11 juillet relative aux Services de la soci\u00e9t\u00e9 de l&rsquo;information et au commerce \u00e9lectronique, l&rsquo;Utilisateur est inform\u00e9 que le site web www.club.excelhotelsandresorts.es est d\u00e9tenu par la soci\u00e9t\u00e9 EXCEL HOTELS &amp; RESORTS, S.A. Les informations d&rsquo;identification de cette soci\u00e9t\u00e9 sont les suivantes :<\/p>\n<p>Identit\u00e9 : EXCEL HOTELS &amp; RESORTS, S.A \u2013 ci-apr\u00e8s d\u00e9nomm\u00e9e Excel Hotels &amp; Resorts -.<br>Num\u00e9ro d&rsquo;identification fiscale : A38083101<br>Si\u00e8ge social : Calle Santa Rosa 5 (appartements Royal Palm, lotissement Oasis du Sud), Arona, 38650, Tenerife<br>e-mail : legal@excelhotelsandresorts.es <br>Informations du registre : la soci\u00e9t\u00e9 est inscrite au Registre du Commerce de Santa Cruz de Tenerife, sous le Tome 1301, Folio 155, et Feuille num\u00e9ro SCT-6514.<\/p>\n<p><b><br><\/b><\/p><p><b>2. Acc\u00e9der au site web<\/b><\/p>\n<p>Les Mentions l\u00e9gales r\u00e9gissent l&rsquo;acc\u00e8s et l&rsquo;utilisation du site Web par les Utilisateurs et ont pour objectif de pr\u00e9senter les services de l&rsquo;entit\u00e9, tout en permettant l&rsquo;acc\u00e8s g\u00e9n\u00e9ral \u00e0 tous les utilisateurs d&rsquo;Internet.<\/p>\n<p>L&rsquo;acc\u00e8s et\/ou l&rsquo;utilisation du site Web conf\u00e8rent \u00e0 la personne concern\u00e9e le statut d&rsquo;Utilisateur, et impliquent l&rsquo;acceptation pleine et enti\u00e8re, sans aucune r\u00e9serve, de l&rsquo;ensemble des pr\u00e9sentes conditions g\u00e9n\u00e9rales ainsi que de toutes autres conditions particuli\u00e8res qui, le cas \u00e9ch\u00e9ant, r\u00e9gissent l&rsquo;utilisation du Portail ou des services qui y sont associ\u00e9s.<\/p>\n<p>L&rsquo;Utilisateur doit lire attentivement les Mentions l\u00e9gales ainsi que les Politiques de Confidentialit\u00e9 et de Cookies avant d&rsquo;utiliser le site Web, car Excel Hotels &amp; Resorts se r\u00e9serve le droit de modifier ou de mettre \u00e0 jour, \u00e0 tout moment et sans pr\u00e9avis, les contenus et services, les pr\u00e9sentes conditions d&rsquo;acc\u00e8s et d&rsquo;utilisation, et, de mani\u00e8re g\u00e9n\u00e9rale, tous les \u00e9l\u00e9ments constituant le design et la configuration de son site. Si vous n&rsquo;acceptez pas les conditions d&rsquo;acc\u00e8s et d&rsquo;utilisation, nous vous prions de vous abstenir d&rsquo;utiliser le site et son contenu.<\/p>\n<p><b><br><\/b><\/p><p><b>3.&nbsp;<\/b><span style=\"text-align: var(--text-align);\"><b>Utilisation du site Web<\/b><\/span><\/p>\n<p>L&rsquo;Utilisateur s&rsquo;engage \u00e0 utiliser le site Web de mani\u00e8re diligente, ainsi que les informations relatives \u00e0 ses services et activit\u00e9s, en se conformant pleinement \u00e0 la l\u00e9gislation applicable, aux normes morales et aux bonnes pratiques g\u00e9n\u00e9ralement accept\u00e9es, ainsi qu&rsquo;\u00e0 l&rsquo;ordre public, aux conditions d&rsquo;acc\u00e8s et d&rsquo;utilisation, et \u00e0 toutes autres conditions \u00e9tablies pour le site web.<\/p>\n<p><span style=\"text-align: var(--text-align); color: var( --e-global-color-64aecc3 ); font-family: var( --e-global-typography-primary-font-family ), Sans-serif; font-size: var( --e-global-typography-primary-font-size ); font-weight: var( --e-global-typography-primary-font-weight );\">De plus, l&rsquo;Utilisateur s&rsquo;engage \u00e0 s&rsquo;abstenir d&rsquo;utiliser l&rsquo;un des contenus \u00e0 des fins ou avec des effets illicites, prohib\u00e9s par le pr\u00e9sent texte, pr\u00e9judiciables aux droits et int\u00e9r\u00eats de tiers, ou qui pourraient d&rsquo;une mani\u00e8re ou d&rsquo;une autre nuire, rendre inutilisable, surcharger, d\u00e9t\u00e9riorer ou entraver l&rsquo;utilisation normale des contenus, des autres utilisateurs ou de tout autre utilisateur d&rsquo;Internet (hardware et software)<\/span><span style=\"text-align: var(--text-align); color: var( --e-global-color-64aecc3 ); font-family: var( --e-global-typography-primary-font-family ), Sans-serif; font-size: var( --e-global-typography-primary-font-size ); font-weight: var( --e-global-typography-primary-font-weight );\">.<\/span><\/p>\n<p><b><br><\/b><\/p><p><b>4.&nbsp;<\/b><span style=\"text-align: var(--text-align);\"><b>Fonctionnement du site Web<\/b><\/span><\/p>\n<p>En cas de non-respect des conditions des Mentions l\u00e9gales ou des Politiques de Confidentialit\u00e9 et de Cookies, Excel Hotels &amp; Resorts se r\u00e9serve le droit de limiter, suspendre et\/ou exclure l&rsquo;acc\u00e8s \u00e0 son site Web, en prenant toutes les mesures techniques n\u00e9cessaires \u00e0 cet \u00e9gard. Excel Hotels &amp; Resorts s\u2019engagera \u00e0 maintenir le site en bon \u00e9tat de fonctionnement, \u00e0 pr\u00e9venir et corriger les erreurs, et \u00e0 assurer la mise \u00e0 jour r\u00e9guli\u00e8re des continus. Toutefois, Excel Hotels &amp; Resorts ne garantit pas la disponibilit\u00e9 et la continuit\u00e9 de l&rsquo;acc\u00e8s au site Web, ni l&rsquo;absence d&rsquo;erreurs dans le contenu.<\/p>\n<p><b><br><\/b><\/p><p><b>5.&nbsp;<\/b><span style=\"text-align: var(--text-align);\"><b>Responsabilit\u00e9<\/b><\/span><\/p>\n<p>L&rsquo;Utilisateur est le seul responsable de l&rsquo;utilisation qui peut \u00eatre faite de toute information ou m\u00e9canisme pr\u00e9sent sur le site Web.<\/p>\n<p><span style=\"text-align: var(--text-align); color: var( --e-global-color-64aecc3 ); font-family: var( --e-global-typography-primary-font-family ), Sans-serif; font-size: var( --e-global-typography-primary-font-size ); font-weight: var( --e-global-typography-primary-font-weight );\">Excel Hotels &amp; Resorts ne pourra \u00eatre tenue responsable des dommages caus\u00e9s au mat\u00e9riel et\/ou aux logiciels de l&rsquo;Utilisateur r\u00e9sultant de l&rsquo;acc\u00e8s et de l&rsquo;utilisation du site Web. De m\u00eame, Excel Hotels &amp; Resorts ne saurait \u00eatre tenue responsable des dommages et\/ou pr\u00e9judices pouvant d\u00e9couler de l&rsquo;acc\u00e8s et\/ou de l&rsquo;utilisation des informations pr\u00e9sentes sur le site Web, notamment ceux pouvant affecter les syst\u00e8mes informatiques ou \u00eatre caus\u00e9s par des virus, des attaques informatiques, des pannes, des interruptions, ou des d\u00e9fauts de communication et\/ou d&rsquo;Internet<\/span><span style=\"text-align: var(--text-align); color: var( --e-global-color-64aecc3 ); font-family: var( --e-global-typography-primary-font-family ), Sans-serif; font-size: var( --e-global-typography-primary-font-size ); font-weight: var( --e-global-typography-primary-font-weight );\">.<\/span><\/p>\n<p>L&rsquo;Utilisateur sera responsable des dommages et\/ou pr\u00e9judices que pourrait subir Excel Hotels &amp; Resorts en raison du non-respect de l&rsquo;une des obligations stipul\u00e9es dans les pr\u00e9sentes Mentions l\u00e9gales, la l\u00e9gislation applicable, ainsi que les Politiques de Confidentialit\u00e9 et de Cookies.<\/p>\n<p><b><br><\/b><\/p><p><b>6.&nbsp;<\/b><span style=\"text-align: var(--text-align);\"><b>Politique en mati\u00e8re de liens (entrants et sortants)<\/b><\/span><\/p>\n<p><b>6.1&nbsp;<\/b><span style=\"text-align: var(--text-align);\"><b>Lien entrant<\/b><\/span><\/p>\n<p>Los terceros que tengan la intenci\u00f3n de incluir en una p\u00e1gina web un enlace de la presente p\u00e1gina tendr\u00e1 que cumplir con la legislaci\u00f3n vigente y no podr\u00e1n alojar contenidos que sean inapropiados, il\u00edcitos, pornogr\u00e1ficos, violentos, etc.<\/p>\n<p>En ning\u00fan caso Excel Hotels &amp; Resorts, se hace responsable del contenido de la P\u00e1gina Web, ni promueve, garantiza, supervisa ni recomienda los contenidos de esta.<\/p>\n<p>Si la Web enlazante incumple alguno de los aspectos anteriores estar\u00e1 obligado a suprimir el enlace de manera inmediata.<\/p>\n<p><b>6.2&nbsp;<\/b><span style=\"text-align: var(--text-align);\"><b>Lien sortant<\/b><\/span><\/p>\n<p>Ce site peut inclure des liens vers des sites web de tiers, permettant \u00e0 l\u2019Utilisateur d\u2019y acc\u00e9der. Toutefois, Excel Hotels &amp; Resorts n\u2019est pas responsable des contenus disponibles sur ces sites. Par cons\u00e9quent, l\u2019Utilisateur est responsable d\u2019accepter et de v\u00e9rifier les conditions d\u2019acc\u00e8s chaque fois qu&rsquo;il y acc\u00e8de.<\/p>\n<p><span style=\"text-align: var(--text-align); color: var( --e-global-color-64aecc3 ); font-family: var( --e-global-typography-primary-font-family ), Sans-serif; font-size: var( --e-global-typography-primary-font-size ); font-weight: var( --e-global-typography-primary-font-weight );\">Ces liens vers d\u2019autres sites ne supposent aucun support, approbation, commercialisation ou relation entre le site et les personnes ou soci\u00e9t\u00e9s titulaires de ces sites<\/span><span style=\"text-align: var(--text-align); color: var( --e-global-color-64aecc3 ); font-family: var( --e-global-typography-primary-font-family ), Sans-serif; font-size: var( --e-global-typography-primary-font-size ); font-weight: var( --e-global-typography-primary-font-weight );\">.<\/span><\/p>\n<p><b><br><\/b><\/p><p><b>7<\/b><b style=\"text-align: var(--text-align); color: var( --e-global-color-64aecc3 ); font-family: var( --e-global-typography-primary-font-family ), Sans-serif; font-size: var( --e-global-typography-primary-font-size );\">.&nbsp;<\/b><span style=\"text-align: var(--text-align); color: var( --e-global-color-64aecc3 ); font-family: var( --e-global-typography-primary-font-family ), Sans-serif; font-size: var( --e-global-typography-primary-font-size ); font-weight: var( --e-global-typography-primary-font-weight );\"><b>Propri\u00e9t\u00e9 Intellectuelle et Industrielle sur les contenus<\/b><\/span><\/p>\n<p>Tous les droits de propri\u00e9t\u00e9 intellectuelle concernant le contenu du site Web et son design graphique sont la propri\u00e9t\u00e9 exclusive d&rsquo;Excel Hotels &amp; Resorts ou d&rsquo;un tiers ayant autoris\u00e9 leur utilisation. Par cons\u00e9quent, Excel Hotels &amp; Resorts d\u00e9tient l&rsquo;exclusivit\u00e9 des droits d&rsquo;exploitation aff\u00e9rents. Cela est conforme \u00e0 la l\u00e9gislation applicable en mati\u00e8re de droits de propri\u00e9t\u00e9 intellectuelle et industrielle.<\/p>\n<p>Excel Hotels &amp; Resorts ne conc\u00e8de aucune licence ni autorisation d&rsquo;utilisation, de quelque nature que ce soit, concernant ses droits de propri\u00e9t\u00e9 intellectuelle et industrielle, ni sur toute autre propri\u00e9t\u00e9 ou droit li\u00e9 au site Web, aux services ou aux contenus de celui-ci.<\/p>\n<p><span style=\"text-align: var(--text-align); color: var( --e-global-color-64aecc3 ); font-family: var( --e-global-typography-primary-font-family ), Sans-serif; font-size: var( --e-global-typography-primary-font-size ); font-weight: var( --e-global-typography-primary-font-weight );\">La reproduction et le stockage temporaire des contenus du site Web sont autoris\u00e9s dans la mesure o\u00f9 cela est strictement n\u00e9cessaire pour l&rsquo;utilisation et la visualisation du site web depuis un dispositif personnel.<\/span><\/p>\n<p><span style=\"text-align: var(--text-align);\">La responsabilit\u00e9 de la l\u00e9gitimit\u00e9 des droits de propri\u00e9t\u00e9 intellectuelle ou industrielle des contenus fournis par les utilisateurs incombe exclusivement \u00e0 ces derniers. Par cons\u00e9quent, l&rsquo;Utilisateur s&rsquo;engage \u00e0 indemniser et \u00e0 d\u00e9gager Excel Hotels &amp; Resorts de toute responsabilit\u00e9 en cas de r\u00e9clamations de tiers r\u00e9sultant de l&rsquo;utilisation illicite de ces contenus sur le site web<\/span><span style=\"text-align: var(--text-align); color: var( --e-global-color-64aecc3 ); font-family: var( --e-global-typography-primary-font-family ), Sans-serif; font-size: var( --e-global-typography-primary-font-size ); font-weight: var( --e-global-typography-primary-font-weight );\">.<\/span><\/p>\n<p><b><br><\/b><\/p><p><b>8.&nbsp;<\/b><span style=\"text-align: var(--text-align);\"><b>Publicit\u00e9<\/b><\/span><\/p>\n<p>Le site web pourra h\u00e9berger des contenus publicitaires ou sponsoris\u00e9s. Les annonceurs ou les sponsors sont les seuls responsables d\u2019assurer que le mat\u00e9riel fourni pour son inclusion sur le site est conforme aux lois applicables dans chaque cas.<\/p>\n<p><span style=\"text-align: var(--text-align); color: var( --e-global-color-64aecc3 ); font-family: var( --e-global-typography-primary-font-family ), Sans-serif; font-size: var( --e-global-typography-primary-font-size ); font-weight: var( --e-global-typography-primary-font-weight );\">Excel Hotels &amp; Resorts ne sera pas responsable des \u00e9ventuelles erreurs, inexactitudes ou irr\u00e9gularit\u00e9s des contenus publicitaires ou des sponsors<\/span><span style=\"text-align: var(--text-align); color: var( --e-global-color-64aecc3 ); font-family: var( --e-global-typography-primary-font-family ), Sans-serif; font-size: var( --e-global-typography-primary-font-size ); font-weight: var( --e-global-typography-primary-font-weight );\">.<\/span><\/p>\n<p><b><br><\/b><\/p><p><b>9.&nbsp;<\/b><span style=\"text-align: var(--text-align);\"><b>R\u00e9glementation applicable<\/b><\/span><\/p>\n<p>Les pr\u00e9sentes Mentions l\u00e9gales seront r\u00e9gies et interpr\u00e9t\u00e9es conform\u00e9ment \u00e0 la r\u00e9glementation espagnole.<\/p>\n<p><span style=\"text-align: var(--text-align);\">En cas de conflit d\u00e9coulant de l\u2019acc\u00e8s au site, les parties se soumettront aux tribunaux pertinents conform\u00e9ment \u00e0 la r\u00e9glementation des consommateurs et utilisateurs<\/span><span style=\"text-align: var(--text-align); color: var( --e-global-color-64aecc3 ); font-family: var( --e-global-typography-primary-font-family ), Sans-serif; font-size: var( --e-global-typography-primary-font-size ); font-weight: var( --e-global-typography-primary-font-weight );\">.<\/span><\/p>\n<p><b><br><\/b><\/p><p><b>10. Contact<\/b><\/p>\n<p>Pour toute question ou commentaire concernant les pr\u00e9sentes Mentions l\u00e9gales, vous pouvez nous contacter \u00e0 l&rsquo;adresse \u00e9lectronique suivante : gdpr@onahotels.com<\/p>\t\t\t\t\t\t<\/div>\n\t\t\t\t<\/div>\n\t\t\t\t\t<\/div>\n\t\t\t\t<\/div>\n\t\t\t\t<\/div>\n\t\t","protected":false},"excerpt":{"rendered":"Mentions l\u00e9gales 1. Identification du Titulaire En conformit\u00e9 avec la Loi 34\/2002 du 11 juillet relative aux Services de la soci\u00e9t\u00e9 de l&rsquo;information et au commerce \u00e9lectronique, l&rsquo;Utilisateur est inform\u00e9 que le site web www.club.excelhotelsandresorts.es est d\u00e9tenu par la soci\u00e9t\u00e9 EXCEL HOTELS &amp; RESORTS, S.A. Les informations d&rsquo;identification de cette soci\u00e9t\u00e9 sont les suivantes : [&hellip;]","protected":false},"author":1,"featured_media":0,"parent":0,"menu_order":0,"comment_status":"closed","ping_status":"closed","template":"elementor_header_footer","meta":{"_genesis_hide_title":false,"_genesis_hide_breadcrumbs":false,"_genesis_hide_singular_image":false,"_genesis_hide_footer_widgets":false,"_genesis_custom_body_class":"","_genesis_custom_post_class":"","_genesis_layout":"","footnotes":""},"class_list":{"0":"post-4702","1":"page","2":"type-page","3":"status-publish","5":"entry"},"yoast_head":"<!-- This site is optimized with the Yoast SEO plugin v23.0 - https:\/\/yoast.com\/wordpress\/plugins\/seo\/ -->\n<title>Mentions l\u00e9gales - Excel Hotels &amp; Resorts<\/title>\n<meta name=\"robots\" content=\"noindex, follow, max-snippet:-1, max-image-preview:large, max-video-preview:-1\" \/>\n<meta property=\"og:locale\" content=\"fr_FR\" \/>\n<meta property=\"og:type\" content=\"article\" \/>\n<meta property=\"og:title\" content=\"Mentions l\u00e9gales - Excel Hotels &amp; Resorts\" \/>\n<meta property=\"og:description\" content=\"Mentions l\u00e9gales 1. Identification du Titulaire En conformit\u00e9 avec la Loi 34\/2002 du 11 juillet relative aux Services de la soci\u00e9t\u00e9 de l&rsquo;information et au commerce \u00e9lectronique, l&rsquo;Utilisateur est inform\u00e9 que le site web www.club.excelhotelsandresorts.es est d\u00e9tenu par la soci\u00e9t\u00e9 EXCEL HOTELS &amp; RESORTS, S.A. Les informations d&rsquo;identification de cette soci\u00e9t\u00e9 sont les suivantes : [&hellip;]\" \/>\n<meta property=\"og:url\" content=\"https:\/\/club.excelhotelsandresorts.es\/fr\/mentions-legales\/\" \/>\n<meta property=\"og:site_name\" content=\"Excel Hotels &amp; Resorts\" \/>\n<meta property=\"article:modified_time\" content=\"2024-09-30T11:56:59+00:00\" \/>\n<meta name=\"twitter:card\" content=\"summary_large_image\" \/>\n<meta name=\"twitter:label1\" content=\"Dur\u00e9e de lecture estim\u00e9e\" \/>\n\t<meta name=\"twitter:data1\" content=\"6 minutes\" \/>\n<script type=\"application\/ld+json\" class=\"yoast-schema-graph\">{\"@context\":\"https:\/\/schema.org\",\"@graph\":[{\"@type\":\"WebPage\",\"@id\":\"https:\/\/club.excelhotelsandresorts.es\/fr\/mentions-legales\/\",\"url\":\"https:\/\/club.excelhotelsandresorts.es\/fr\/mentions-legales\/\",\"name\":\"Mentions l\u00e9gales - Excel Hotels &amp; Resorts\",\"isPartOf\":{\"@id\":\"https:\/\/club.excelhotelsandresorts.es\/#website\"},\"datePublished\":\"2024-09-29T09:56:48+00:00\",\"dateModified\":\"2024-09-30T11:56:59+00:00\",\"breadcrumb\":{\"@id\":\"https:\/\/club.excelhotelsandresorts.es\/fr\/mentions-legales\/#breadcrumb\"},\"inLanguage\":\"fr-FR\",\"potentialAction\":[{\"@type\":\"ReadAction\",\"target\":[\"https:\/\/club.excelhotelsandresorts.es\/fr\/mentions-legales\/\"]}]},{\"@type\":\"BreadcrumbList\",\"@id\":\"https:\/\/club.excelhotelsandresorts.es\/fr\/mentions-legales\/#breadcrumb\",\"itemListElement\":[{\"@type\":\"ListItem\",\"position\":1,\"name\":\"Home\",\"item\":\"https:\/\/club.excelhotelsandresorts.es\/fr\/\"},{\"@type\":\"ListItem\",\"position\":2,\"name\":\"Mentions l\u00e9gales\"}]},{\"@type\":\"WebSite\",\"@id\":\"https:\/\/club.excelhotelsandresorts.es\/#website\",\"url\":\"https:\/\/club.excelhotelsandresorts.es\/\",\"name\":\"Excel Hotels &amp; Resorts\",\"description\":\"\",\"potentialAction\":[{\"@type\":\"SearchAction\",\"target\":{\"@type\":\"EntryPoint\",\"urlTemplate\":\"https:\/\/club.excelhotelsandresorts.es\/?s={search_term_string}\"},\"query-input\":\"required name=search_term_string\"}],\"inLanguage\":\"fr-FR\"}]}<\/script>\n<!-- \/ Yoast SEO plugin. -->","yoast_head_json":{"title":"Mentions l\u00e9gales - Excel Hotels &amp; Resorts","robots":{"index":"noindex","follow":"follow","max-snippet":"max-snippet:-1","max-image-preview":"max-image-preview:large","max-video-preview":"max-video-preview:-1"},"og_locale":"fr_FR","og_type":"article","og_title":"Mentions l\u00e9gales - Excel Hotels &amp; Resorts","og_description":"Mentions l\u00e9gales 1. Identification du Titulaire En conformit\u00e9 avec la Loi 34\/2002 du 11 juillet relative aux Services de la soci\u00e9t\u00e9 de l&rsquo;information et au commerce \u00e9lectronique, l&rsquo;Utilisateur est inform\u00e9 que le site web www.club.excelhotelsandresorts.es est d\u00e9tenu par la soci\u00e9t\u00e9 EXCEL HOTELS &amp; RESORTS, S.A. Les informations d&rsquo;identification de cette soci\u00e9t\u00e9 sont les suivantes : [&hellip;]","og_url":"https:\/\/club.excelhotelsandresorts.es\/fr\/mentions-legales\/","og_site_name":"Excel Hotels &amp; Resorts","article_modified_time":"2024-09-30T11:56:59+00:00","twitter_card":"summary_large_image","twitter_misc":{"Dur\u00e9e de lecture estim\u00e9e":"6 minutes"},"schema":{"@context":"https:\/\/schema.org","@graph":[{"@type":"WebPage","@id":"https:\/\/club.excelhotelsandresorts.es\/fr\/mentions-legales\/","url":"https:\/\/club.excelhotelsandresorts.es\/fr\/mentions-legales\/","name":"Mentions l\u00e9gales - Excel Hotels &amp; Resorts","isPartOf":{"@id":"https:\/\/club.excelhotelsandresorts.es\/#website"},"datePublished":"2024-09-29T09:56:48+00:00","dateModified":"2024-09-30T11:56:59+00:00","breadcrumb":{"@id":"https:\/\/club.excelhotelsandresorts.es\/fr\/mentions-legales\/#breadcrumb"},"inLanguage":"fr-FR","potentialAction":[{"@type":"ReadAction","target":["https:\/\/club.excelhotelsandresorts.es\/fr\/mentions-legales\/"]}]},{"@type":"BreadcrumbList","@id":"https:\/\/club.excelhotelsandresorts.es\/fr\/mentions-legales\/#breadcrumb","itemListElement":[{"@type":"ListItem","position":1,"name":"Home","item":"https:\/\/club.excelhotelsandresorts.es\/fr\/"},{"@type":"ListItem","position":2,"name":"Mentions l\u00e9gales"}]},{"@type":"WebSite","@id":"https:\/\/club.excelhotelsandresorts.es\/#website","url":"https:\/\/club.excelhotelsandresorts.es\/","name":"Excel Hotels &amp; Resorts","description":"","potentialAction":[{"@type":"SearchAction","target":{"@type":"EntryPoint","urlTemplate":"https:\/\/club.excelhotelsandresorts.es\/?s={search_term_string}"},"query-input":"required name=search_term_string"}],"inLanguage":"fr-FR"}]}},"_links":{"self":[{"href":"https:\/\/club.excelhotelsandresorts.es\/fr\/wp-json\/wp\/v2\/pages\/4702"}],"collection":[{"href":"https:\/\/club.excelhotelsandresorts.es\/fr\/wp-json\/wp\/v2\/pages"}],"about":[{"href":"https:\/\/club.excelhotelsandresorts.es\/fr\/wp-json\/wp\/v2\/types\/page"}],"author":[{"embeddable":true,"href":"https:\/\/club.excelhotelsandresorts.es\/fr\/wp-json\/wp\/v2\/users\/1"}],"replies":[{"embeddable":true,"href":"https:\/\/club.excelhotelsandresorts.es\/fr\/wp-json\/wp\/v2\/comments?post=4702"}],"version-history":[{"count":7,"href":"https:\/\/club.excelhotelsandresorts.es\/fr\/wp-json\/wp\/v2\/pages\/4702\/revisions"}],"predecessor-version":[{"id":4720,"href":"https:\/\/club.excelhotelsandresorts.es\/fr\/wp-json\/wp\/v2\/pages\/4702\/revisions\/4720"}],"wp:attachment":[{"href":"https:\/\/club.excelhotelsandresorts.es\/fr\/wp-json\/wp\/v2\/media?parent=4702"}],"curies":[{"name":"wp","href":"https:\/\/api.w.org\/{rel}","templated":true}]}}