{"id":4705,"date":"2024-09-29T11:56:41","date_gmt":"2024-09-29T09:56:41","guid":{"rendered":"https:\/\/excelhelefante.segucom.net\/politica-de-cookies\/"},"modified":"2024-09-30T16:01:31","modified_gmt":"2024-09-30T14:01:31","slug":"politique-relative-aux-cookies","status":"publish","type":"page","link":"https:\/\/club.excelhotelsandresorts.es\/fr\/politique-relative-aux-cookies\/","title":{"rendered":"Politique relative aux cookies"},"content":{"rendered":"\t\t<div data-elementor-type=\"wp-page\" data-elementor-id=\"4705\" class=\"elementor elementor-4705 elementor-4669\">\n\t\t\t\t<div class=\"elementor-element elementor-element-3aa9c378 e-flex e-con-boxed e-con e-parent\" data-id=\"3aa9c378\" data-element_type=\"container\">\n\t\t\t\t\t<div class=\"e-con-inner\">\n\t\t\t\t<div class=\"elementor-element elementor-element-5cd124d elementor-widget elementor-widget-heading\" data-id=\"5cd124d\" data-element_type=\"widget\" data-widget_type=\"heading.default\">\n\t\t\t\t<div class=\"elementor-widget-container\">\n\t\t\t<style>\/*! elementor - v3.22.0 - 26-06-2024 *\/\n.elementor-heading-title{padding:0;margin:0;line-height:1}.elementor-widget-heading .elementor-heading-title[class*=elementor-size-]>a{color:inherit;font-size:inherit;line-height:inherit}.elementor-widget-heading .elementor-heading-title.elementor-size-small{font-size:15px}.elementor-widget-heading .elementor-heading-title.elementor-size-medium{font-size:19px}.elementor-widget-heading .elementor-heading-title.elementor-size-large{font-size:29px}.elementor-widget-heading .elementor-heading-title.elementor-size-xl{font-size:39px}.elementor-widget-heading .elementor-heading-title.elementor-size-xxl{font-size:59px}<\/style><h1 class=\"elementor-heading-title elementor-size-default\">Politique relative aux cookies<\/h1>\t\t<\/div>\n\t\t\t\t<\/div>\n\t\t\t\t<div class=\"elementor-element elementor-element-7286dd0 elementor-widget elementor-widget-text-editor\" data-id=\"7286dd0\" data-element_type=\"widget\" data-widget_type=\"text-editor.default\">\n\t\t\t\t<div class=\"elementor-widget-container\">\n\t\t\t<style>\/*! elementor - v3.22.0 - 26-06-2024 *\/\n.elementor-widget-text-editor.elementor-drop-cap-view-stacked .elementor-drop-cap{background-color:#69727d;color:#fff}.elementor-widget-text-editor.elementor-drop-cap-view-framed .elementor-drop-cap{color:#69727d;border:3px solid;background-color:transparent}.elementor-widget-text-editor:not(.elementor-drop-cap-view-default) .elementor-drop-cap{margin-top:8px}.elementor-widget-text-editor:not(.elementor-drop-cap-view-default) .elementor-drop-cap-letter{width:1em;height:1em}.elementor-widget-text-editor .elementor-drop-cap{float:left;text-align:center;line-height:1;font-size:50px}.elementor-widget-text-editor .elementor-drop-cap-letter{display:inline-block}<\/style>\t\t\t\t<p><span style=\"text-align: var(--text-align);\"><strong>1.<\/strong> <b>Que sont les cookies et pourquoi les utilisons-nous sur notre site web ?<\/b><\/span><\/p><p><span style=\"text-align: var(--text-align);\">Un cookie est un fichier texte qui est t\u00e9l\u00e9charg\u00e9 dans le dispositif de l\u2019utilisateur lorsqu\u2019il acc\u00e8de \u00e0 certains sites qui permet de stocker et de r\u00e9cup\u00e9rer des informations sur ses navigations depuis son dispositif. Les cookies permettent au site Web, entre autres, de stocker et de r\u00e9cup\u00e9rer des informations sur les pr\u00e9f\u00e9rences et les habitudes de l\u2019Utilisateur. Les cookies pr\u00e9sents sur ce site sont n\u00e9cessaires \u00e0 son bon fonctionnement<\/span>.<\/p><p>Il convient de souligner que l\u2019utilisation de cookies ne fournit pas d\u2019informations personnelles sur l\u2019utilisateur.<\/p><p><b>\u00a0<\/b><\/p><p><b>2.\u00a0<\/b><span style=\"text-align: var(--text-align);\"><b>Quels sont les diff\u00e9rents types de cookies ?<\/b><\/span><\/p><p>En fonction de leur dur\u00e9e d\u2019activation, les cookies se divisent en cookies de session ou permanents :<\/p><p><b><span style=\"text-align: var(--text-align); color: var( --e-global-color-64aecc3 ); font-family: var( --e-global-typography-primary-font-family ), Sans-serif; font-size: var( --e-global-typography-primary-font-size );\">\u2022 <\/span><span style=\"text-align: var(--text-align); color: var( --e-global-color-64aecc3 ); font-family: var( --e-global-typography-primary-font-family ), Sans-serif; font-size: var( --e-global-typography-primary-font-size );\">Cookies de session <\/span><\/b><span style=\"text-align: var(--text-align); color: var( --e-global-color-64aecc3 ); font-family: var( --e-global-typography-primary-font-family ), Sans-serif; font-size: var( --e-global-typography-primary-font-size ); font-weight: var( --e-global-typography-primary-font-weight );\">: les donn\u00e9es collect\u00e9es et stock\u00e9es par ces cookies sont obtenues lorsque l\u2019utilisateur navigue sur le site Web et sont supprim\u00e9es lorsqu\u2019il ferme le navigateur. Ils sont g\u00e9n\u00e9ralement utilis\u00e9s pour stocker des informations qui doivent \u00eatre conserv\u00e9es pour assurer la prestation du service demand\u00e9 par l\u2019utilisateur lors d\u2019une seule session.<\/span><\/p><p><b><span style=\"text-align: var(--text-align); color: var( --e-global-color-64aecc3 ); font-family: var( --e-global-typography-primary-font-family ), Sans-serif; font-size: var( --e-global-typography-primary-font-size );\">\u2022 <\/span><span style=\"text-align: var(--text-align); color: var( --e-global-color-64aecc3 ); font-family: var( --e-global-typography-primary-font-family ), Sans-serif; font-size: var( --e-global-typography-primary-font-size );\">Cookies persistants :<\/span><\/b><span style=\"text-align: var(--text-align); color: var( --e-global-color-64aecc3 ); font-family: var( --e-global-typography-primary-font-family ), Sans-serif; font-size: var( --e-global-typography-primary-font-size ); font-weight: var( --e-global-typography-primary-font-weight );\"> ils permettent de stocker les donn\u00e9es dans le dispositif pendant une dur\u00e9e d\u00e9termin\u00e9e, ce qui facilite le contr\u00f4le des pr\u00e9f\u00e9rences choisies sans que l\u2019utilisateur n\u2019ait \u00e0 indiquer certains param\u00e8tres \u00e0 chaque fois qu\u2019il visite le site.<\/span><\/p><p>De plus, selon l&rsquo;entit\u00e9 qui les g\u00e8re, les cookies peuvent \u00eatre class\u00e9s en cookies internes ou cookies tiers :<\/p><p>\u2022<b> Cookies internes : <\/b>ces cookies sont envoy\u00e9s dans le terminal de l\u2019utilisateur depuis un dispositif ou un domaine g\u00e9r\u00e9 par le propre \u00e9diteur et depuis lequel le service demand\u00e9 par l\u2019utilisateur est assur\u00e9.<\/p><p><b><span style=\"text-align: var(--text-align); color: var( --e-global-color-64aecc3 ); font-family: var( --e-global-typography-primary-font-family ), Sans-serif; font-size: var( --e-global-typography-primary-font-size );\">\u2022 <\/span><span style=\"text-align: var(--text-align); color: var( --e-global-color-64aecc3 ); font-family: var( --e-global-typography-primary-font-family ), Sans-serif; font-size: var( --e-global-typography-primary-font-size );\">Cookies tiers :<\/span><\/b><span style=\"text-align: var(--text-align); color: var( --e-global-color-64aecc3 ); font-family: var( --e-global-typography-primary-font-family ), Sans-serif; font-size: var( --e-global-typography-primary-font-size ); font-weight: var( --e-global-typography-primary-font-weight );\"> ces cookies sont envoy\u00e9s au terminal de l\u2019utilisateur depuis un dispositif ou un domaine qui n\u2019est pas g\u00e9r\u00e9 par l\u2019\u00e9diteur mais par une autre entit\u00e9 qui traite les donn\u00e9es collect\u00e9es par le biais des cookies.<\/span><\/p><p>En ce qui concerne leur finalit\u00e9, on trouve les cookies suivants :<\/p><p><b><span style=\"text-align: var(--text-align); color: var( --e-global-color-64aecc3 ); font-family: var( --e-global-typography-primary-font-family ), Sans-serif; font-size: var( --e-global-typography-primary-font-size );\">\u2022 <\/span><span style=\"text-align: var(--text-align); color: var( --e-global-color-64aecc3 ); font-family: var( --e-global-typography-primary-font-family ), Sans-serif; font-size: var( --e-global-typography-primary-font-size );\">Cookies techniques :<\/span><\/b><span style=\"text-align: var(--text-align); color: var( --e-global-color-64aecc3 ); font-family: var( --e-global-typography-primary-font-family ), Sans-serif; font-size: var( --e-global-typography-primary-font-size ); font-weight: var( --e-global-typography-primary-font-weight );\"> ces cookies permettent de contr\u00f4ler le trafic et la communication des donn\u00e9es.<\/span><\/p><p><b><span style=\"text-align: var(--text-align); color: var( --e-global-color-64aecc3 ); font-family: var( --e-global-typography-primary-font-family ), Sans-serif; font-size: var( --e-global-typography-primary-font-size );\">\u2022 <\/span><span style=\"text-align: var(--text-align); color: var( --e-global-color-64aecc3 ); font-family: var( --e-global-typography-primary-font-family ), Sans-serif; font-size: var( --e-global-typography-primary-font-size );\">Cookies de personnalisation :<\/span><\/b><span style=\"text-align: var(--text-align); color: var( --e-global-color-64aecc3 ); font-family: var( --e-global-typography-primary-font-family ), Sans-serif; font-size: var( --e-global-typography-primary-font-size ); font-weight: var( --e-global-typography-primary-font-weight );\"> ces cookies permettent aux utilisateurs d&rsquo;acc\u00e9der, selon certaines caract\u00e9ristiques sp\u00e9cifiques collect\u00e9es (navigateur, langue, etc.).<\/span><\/p><p><b><span style=\"text-align: var(--text-align); color: var( --e-global-color-64aecc3 ); font-family: var( --e-global-typography-primary-font-family ), Sans-serif; font-size: var( --e-global-typography-primary-font-size );\">\u2022 <\/span><span style=\"text-align: var(--text-align); color: var( --e-global-color-64aecc3 ); font-family: var( --e-global-typography-primary-font-family ), Sans-serif; font-size: var( --e-global-typography-primary-font-size );\">Cookies d\u2019analyse :<\/span><\/b><span style=\"text-align: var(--text-align); color: var( --e-global-color-64aecc3 ); font-family: var( --e-global-typography-primary-font-family ), Sans-serif; font-size: var( --e-global-typography-primary-font-size ); font-weight: var( --e-global-typography-primary-font-weight );\"> ces cookies permettent au responsable de ceux-ci de suivre et d&rsquo;analyser le comportement des utilisateurs des sites Web et d\u2019\u00e9laborer un profil utilisateur.<\/span><\/p><p><b><span style=\"text-align: var(--text-align); color: var( --e-global-color-64aecc3 ); font-family: var( --e-global-typography-primary-font-family ), Sans-serif; font-size: var( --e-global-typography-primary-font-size );\">\u2022 <\/span><span style=\"text-align: var(--text-align); color: var( --e-global-color-64aecc3 ); font-family: var( --e-global-typography-primary-font-family ), Sans-serif; font-size: var( --e-global-typography-primary-font-size );\">Cookies publicitaires :<\/span><\/b><span style=\"text-align: var(--text-align); color: var( --e-global-color-64aecc3 ); font-family: var( --e-global-typography-primary-font-family ), Sans-serif; font-size: var( --e-global-typography-primary-font-size ); font-weight: var( --e-global-typography-primary-font-weight );\"> ces cookies collectent des donn\u00e9es relatives \u00e0 la gestion des espaces publicitaires.<\/span><\/p><p><b>\u00a0<\/b><\/p><p><b>3.\u00a0<\/b><span style=\"text-align: var(--text-align);\"><b>Quels types de cookies utilise le site Web ?<\/b><\/span><\/p><p>COOKIES CONTR\u00d4L\u00c9S PAR L&rsquo;\u00c9DITEUR<br \/>Techniques et fonctionnelles<\/p>\t\t\t\t\t\t<\/div>\n\t\t\t\t<\/div>\n\t\t\t\t<div class=\"elementor-element elementor-element-ef4a512 tabla-responsive elementor-widget elementor-widget-shortcode\" data-id=\"ef4a512\" data-element_type=\"widget\" data-widget_type=\"shortcode.default\">\n\t\t\t\t<div class=\"elementor-widget-container\">\n\t\t\t\t\t<div class=\"elementor-shortcode\">\n<table id=\"tablepress-4\" class=\"tablepress tablepress-id-4\">\n<tbody>\n<tr class=\"row-1\">\n\t<td class=\"column-1\"><strong>Propri\u00e9t\u00e9<\/strong><\/td><td class=\"column-2\"><strong>Cookie<\/strong><\/td><td class=\"column-3\"><strong>Finalit\u00e9<\/strong><\/td><td class=\"column-4\"><strong>Expiration<\/strong><\/td>\n<\/tr>\n<tr class=\"row-2\">\n\t<td class=\"column-1\">PHP.net<\/td><td class=\"column-2\">PHPSESSID<\/td><td class=\"column-3\">Cookies g\u00e9n\u00e9r\u00e9s par les applications utilisant le langage PHP : ils servent d'identifiants g\u00e9n\u00e9riques pour g\u00e9rer les variables de session de l'utilisateur. Il s'agit g\u00e9n\u00e9ralement d'un num\u00e9ro g\u00e9n\u00e9r\u00e9 al\u00e9atoirement, souvent sp\u00e9cifique au site. Un bon exemple de leur utilisation est le maintien d'une session active pour un utilisateur lors de sa navigation entre diff\u00e9rentes pages.<\/td><td class=\"column-4\">Session<\/td>\n<\/tr>\n<\/tbody>\n<\/table>\n<!-- #tablepress-4 from cache --><\/div>\n\t\t\t\t<\/div>\n\t\t\t\t<\/div>\n\t\t\t\t<div class=\"elementor-element elementor-element-cdbbf17 elementor-widget elementor-widget-text-editor\" data-id=\"cdbbf17\" data-element_type=\"widget\" data-widget_type=\"text-editor.default\">\n\t\t\t\t<div class=\"elementor-widget-container\">\n\t\t\t\t\t\t\t<p>COOKIES TIERS<\/p><p>Les services tiers \u00e9chappent au contr\u00f4le de l&rsquo;\u00e9diteur. Les fournisseurs peuvent modifier \u00e0 tout moment leurs conditions de service, leurs finalit\u00e9s et l&rsquo;utilisation des cookies, etc.<\/p><p><span style=\"text-align: var(--text-align); color: var( --e-global-color-64aecc3 ); font-family: var( --e-global-typography-primary-font-family ), Sans-serif; font-size: var( --e-global-typography-primary-font-size ); font-weight: var( --e-global-typography-primary-font-weight );\">Fournisseurs externes de ce site Web :<\/span><\/p>\t\t\t\t\t\t<\/div>\n\t\t\t\t<\/div>\n\t\t\t\t<div class=\"elementor-element elementor-element-5a43711 tabla-responsive elementor-widget elementor-widget-shortcode\" data-id=\"5a43711\" data-element_type=\"widget\" data-widget_type=\"shortcode.default\">\n\t\t\t\t<div class=\"elementor-widget-container\">\n\t\t\t\t\t<div class=\"elementor-shortcode\">\n<table id=\"tablepress-5\" class=\"tablepress tablepress-id-5\">\n<tbody>\n<tr class=\"row-1\">\n\t<td class=\"column-1\"><strong>\u00c9diteur<\/strong><\/td><td class=\"column-2\"><strong>Politique de confidentialit\u00e9<\/strong><\/td>\n<\/tr>\n<tr class=\"row-2\">\n\t<td class=\"column-1\">PHP.net<\/td><td class=\"column-2\">https:\/\/www.php.net\/privacy.php<\/td>\n<\/tr>\n<\/tbody>\n<\/table>\n<!-- #tablepress-5 from cache --><\/div>\n\t\t\t\t<\/div>\n\t\t\t\t<\/div>\n\t\t\t\t<div class=\"elementor-element elementor-element-b8dfdb4 elementor-widget elementor-widget-text-editor\" data-id=\"b8dfdb4\" data-element_type=\"widget\" data-widget_type=\"text-editor.default\">\n\t\t\t\t<div class=\"elementor-widget-container\">\n\t\t\t\t\t\t\t<p><b style=\"text-align: var(--text-align); color: var( --e-global-color-64aecc3 ); font-family: var( --e-global-typography-primary-font-family ), Sans-serif; font-size: var( --e-global-typography-primary-font-size );\">&nbsp;<\/b><\/p>\n<p><b style=\"text-align: var(--text-align); color: var( --e-global-color-64aecc3 ); font-family: var( --e-global-typography-primary-font-family ), Sans-serif; font-size: var( --e-global-typography-primary-font-size );\">4.&nbsp;<\/b><span style=\"text-align: var(--text-align);\"><b>Comment d\u00e9sactiver les cookies dans votre navigateur ?<\/b><\/span><\/p>\n<p>L&rsquo;Utilisateur peut autoriser, bloquer ou supprimer les cookies install\u00e9s sur son appareil en modifiant les param\u00e8tres des options du navigateur install\u00e9 sur son ordinateur. Veuillez lire attentivement la section d&rsquo;aide de votre navigateur pour en savoir plus sur la fa\u00e7on d&rsquo;activer le \u00ab mode priv\u00e9 \u00bb ou de d\u00e9bloquer certains cookies.<\/p>\n<p>\u2022 Informations sur les cookies pour Microsoft.<br>http:\/\/windows.microsoft.com\/es-es\/windows-vista\/block-or-allow-cookies<\/p>\n<p>\u2022 Informations sur les cookies pour Mozilla Firefox.<br>http:\/\/support.mozilla.org\/es\/kb\/habilitar-y-deshabilitar-cookies-que-lossitios-we<\/p>\n<p>\u2022 Informations sur les cookies pour Opera.<br>https:\/\/help.opera.com\/en\/latest\/web-preferences\/#cookies<\/p>\n<p>\u2022 Informations sur les cookies pour Google Chrome.<br>https:\/\/support.google.com\/chrome\/answer\/95647?hl=es<\/p>\n<p>\u2022 Informations sur les cookies pour Safari.<br>http:\/\/support.apple.com\/kb\/HT1677?viewlocale=es_ES<\/p>\t\t\t\t\t\t<\/div>\n\t\t\t\t<\/div>\n\t\t\t\t\t<\/div>\n\t\t\t\t<\/div>\n\t\t\t\t<\/div>\n\t\t","protected":false},"excerpt":{"rendered":"Politique relative aux cookies 1. Que sont les cookies et pourquoi les utilisons-nous sur notre site web ?Un cookie est un fichier texte qui est t\u00e9l\u00e9charg\u00e9 dans le dispositif de l\u2019utilisateur lorsqu\u2019il acc\u00e8de \u00e0 certains sites qui permet de stocker et de r\u00e9cup\u00e9rer des informations sur ses navigations depuis son dispositif. Les cookies permettent au [&hellip;]","protected":false},"author":1,"featured_media":0,"parent":0,"menu_order":0,"comment_status":"closed","ping_status":"closed","template":"elementor_header_footer","meta":{"_genesis_hide_title":false,"_genesis_hide_breadcrumbs":false,"_genesis_hide_singular_image":false,"_genesis_hide_footer_widgets":false,"_genesis_custom_body_class":"","_genesis_custom_post_class":"","_genesis_layout":"","footnotes":""},"class_list":{"0":"post-4705","1":"page","2":"type-page","3":"status-publish","5":"entry"},"yoast_head":"<!-- This site is optimized with the Yoast SEO plugin v23.0 - https:\/\/yoast.com\/wordpress\/plugins\/seo\/ -->\n<title>Politique relative aux cookies - Excel Hotels &amp; Resorts<\/title>\n<meta name=\"robots\" content=\"noindex, follow, max-snippet:-1, max-image-preview:large, max-video-preview:-1\" \/>\n<meta property=\"og:locale\" content=\"fr_FR\" \/>\n<meta property=\"og:type\" content=\"article\" \/>\n<meta property=\"og:title\" content=\"Politique relative aux cookies - Excel Hotels &amp; Resorts\" \/>\n<meta property=\"og:description\" content=\"Politique relative aux cookies 1. Que sont les cookies et pourquoi les utilisons-nous sur notre site web ?Un cookie est un fichier texte qui est t\u00e9l\u00e9charg\u00e9 dans le dispositif de l\u2019utilisateur lorsqu\u2019il acc\u00e8de \u00e0 certains sites qui permet de stocker et de r\u00e9cup\u00e9rer des informations sur ses navigations depuis son dispositif. Les cookies permettent au [&hellip;]\" \/>\n<meta property=\"og:url\" content=\"https:\/\/club.excelhotelsandresorts.es\/fr\/politique-relative-aux-cookies\/\" \/>\n<meta property=\"og:site_name\" content=\"Excel Hotels &amp; Resorts\" \/>\n<meta property=\"article:modified_time\" content=\"2024-09-30T14:01:31+00:00\" \/>\n<meta name=\"twitter:card\" content=\"summary_large_image\" \/>\n<meta name=\"twitter:label1\" content=\"Dur\u00e9e de lecture estim\u00e9e\" \/>\n\t<meta name=\"twitter:data1\" content=\"3 minutes\" \/>\n<script type=\"application\/ld+json\" class=\"yoast-schema-graph\">{\"@context\":\"https:\/\/schema.org\",\"@graph\":[{\"@type\":\"WebPage\",\"@id\":\"https:\/\/club.excelhotelsandresorts.es\/fr\/politique-relative-aux-cookies\/\",\"url\":\"https:\/\/club.excelhotelsandresorts.es\/fr\/politique-relative-aux-cookies\/\",\"name\":\"Politique relative aux cookies - Excel Hotels &amp; Resorts\",\"isPartOf\":{\"@id\":\"https:\/\/club.excelhotelsandresorts.es\/#website\"},\"datePublished\":\"2024-09-29T09:56:41+00:00\",\"dateModified\":\"2024-09-30T14:01:31+00:00\",\"breadcrumb\":{\"@id\":\"https:\/\/club.excelhotelsandresorts.es\/fr\/politique-relative-aux-cookies\/#breadcrumb\"},\"inLanguage\":\"fr-FR\",\"potentialAction\":[{\"@type\":\"ReadAction\",\"target\":[\"https:\/\/club.excelhotelsandresorts.es\/fr\/politique-relative-aux-cookies\/\"]}]},{\"@type\":\"BreadcrumbList\",\"@id\":\"https:\/\/club.excelhotelsandresorts.es\/fr\/politique-relative-aux-cookies\/#breadcrumb\",\"itemListElement\":[{\"@type\":\"ListItem\",\"position\":1,\"name\":\"Home\",\"item\":\"https:\/\/club.excelhotelsandresorts.es\/fr\/\"},{\"@type\":\"ListItem\",\"position\":2,\"name\":\"Politique relative aux cookies\"}]},{\"@type\":\"WebSite\",\"@id\":\"https:\/\/club.excelhotelsandresorts.es\/#website\",\"url\":\"https:\/\/club.excelhotelsandresorts.es\/\",\"name\":\"Excel Hotels &amp; Resorts\",\"description\":\"\",\"potentialAction\":[{\"@type\":\"SearchAction\",\"target\":{\"@type\":\"EntryPoint\",\"urlTemplate\":\"https:\/\/club.excelhotelsandresorts.es\/?s={search_term_string}\"},\"query-input\":\"required name=search_term_string\"}],\"inLanguage\":\"fr-FR\"}]}<\/script>\n<!-- \/ Yoast SEO plugin. -->","yoast_head_json":{"title":"Politique relative aux cookies - Excel Hotels &amp; Resorts","robots":{"index":"noindex","follow":"follow","max-snippet":"max-snippet:-1","max-image-preview":"max-image-preview:large","max-video-preview":"max-video-preview:-1"},"og_locale":"fr_FR","og_type":"article","og_title":"Politique relative aux cookies - Excel Hotels &amp; Resorts","og_description":"Politique relative aux cookies 1. Que sont les cookies et pourquoi les utilisons-nous sur notre site web ?Un cookie est un fichier texte qui est t\u00e9l\u00e9charg\u00e9 dans le dispositif de l\u2019utilisateur lorsqu\u2019il acc\u00e8de \u00e0 certains sites qui permet de stocker et de r\u00e9cup\u00e9rer des informations sur ses navigations depuis son dispositif. Les cookies permettent au [&hellip;]","og_url":"https:\/\/club.excelhotelsandresorts.es\/fr\/politique-relative-aux-cookies\/","og_site_name":"Excel Hotels &amp; Resorts","article_modified_time":"2024-09-30T14:01:31+00:00","twitter_card":"summary_large_image","twitter_misc":{"Dur\u00e9e de lecture estim\u00e9e":"3 minutes"},"schema":{"@context":"https:\/\/schema.org","@graph":[{"@type":"WebPage","@id":"https:\/\/club.excelhotelsandresorts.es\/fr\/politique-relative-aux-cookies\/","url":"https:\/\/club.excelhotelsandresorts.es\/fr\/politique-relative-aux-cookies\/","name":"Politique relative aux cookies - Excel Hotels &amp; Resorts","isPartOf":{"@id":"https:\/\/club.excelhotelsandresorts.es\/#website"},"datePublished":"2024-09-29T09:56:41+00:00","dateModified":"2024-09-30T14:01:31+00:00","breadcrumb":{"@id":"https:\/\/club.excelhotelsandresorts.es\/fr\/politique-relative-aux-cookies\/#breadcrumb"},"inLanguage":"fr-FR","potentialAction":[{"@type":"ReadAction","target":["https:\/\/club.excelhotelsandresorts.es\/fr\/politique-relative-aux-cookies\/"]}]},{"@type":"BreadcrumbList","@id":"https:\/\/club.excelhotelsandresorts.es\/fr\/politique-relative-aux-cookies\/#breadcrumb","itemListElement":[{"@type":"ListItem","position":1,"name":"Home","item":"https:\/\/club.excelhotelsandresorts.es\/fr\/"},{"@type":"ListItem","position":2,"name":"Politique relative aux cookies"}]},{"@type":"WebSite","@id":"https:\/\/club.excelhotelsandresorts.es\/#website","url":"https:\/\/club.excelhotelsandresorts.es\/","name":"Excel Hotels &amp; Resorts","description":"","potentialAction":[{"@type":"SearchAction","target":{"@type":"EntryPoint","urlTemplate":"https:\/\/club.excelhotelsandresorts.es\/?s={search_term_string}"},"query-input":"required name=search_term_string"}],"inLanguage":"fr-FR"}]}},"_links":{"self":[{"href":"https:\/\/club.excelhotelsandresorts.es\/fr\/wp-json\/wp\/v2\/pages\/4705"}],"collection":[{"href":"https:\/\/club.excelhotelsandresorts.es\/fr\/wp-json\/wp\/v2\/pages"}],"about":[{"href":"https:\/\/club.excelhotelsandresorts.es\/fr\/wp-json\/wp\/v2\/types\/page"}],"author":[{"embeddable":true,"href":"https:\/\/club.excelhotelsandresorts.es\/fr\/wp-json\/wp\/v2\/users\/1"}],"replies":[{"embeddable":true,"href":"https:\/\/club.excelhotelsandresorts.es\/fr\/wp-json\/wp\/v2\/comments?post=4705"}],"version-history":[{"count":19,"href":"https:\/\/club.excelhotelsandresorts.es\/fr\/wp-json\/wp\/v2\/pages\/4705\/revisions"}],"predecessor-version":[{"id":4752,"href":"https:\/\/club.excelhotelsandresorts.es\/fr\/wp-json\/wp\/v2\/pages\/4705\/revisions\/4752"}],"wp:attachment":[{"href":"https:\/\/club.excelhotelsandresorts.es\/fr\/wp-json\/wp\/v2\/media?parent=4705"}],"curies":[{"name":"wp","href":"https:\/\/api.w.org\/{rel}","templated":true}]}}